{"id":93,"date":"2014-01-20T17:07:26","date_gmt":"2014-01-20T16:07:26","guid":{"rendered":"http:\/\/ffmc72.fr\/site\/?page_id=93"},"modified":"2026-01-26T20:49:12","modified_gmt":"2026-01-26T19:49:12","slug":"partenaires-2","status":"publish","type":"page","link":"https:\/\/www.ffmc72.fr\/site\/partenaires-2\/","title":{"rendered":"Partenaires"},"content":{"rendered":"\n<p class=\"has-text-align-center\">Pour cette ann\u00e9e, les partenaires suivants nous soutiennent et affichent ce visuel.<\/p>\n\n\n<div class=\"wp-block-image is-resized\">\n<figure class=\"aligncenter size-full\"><a href=\"https:\/\/www.ffmc72.fr\/site\/wp-content\/uploads\/2020\/05\/sticker-partenaire-1.jpg\"><img loading=\"lazy\" decoding=\"async\" width=\"1024\" height=\"356\" src=\"https:\/\/www.ffmc72.fr\/site\/wp-content\/uploads\/2020\/05\/sticker-partenaire-1.jpg\" alt=\"\" class=\"wp-image-1580\" srcset=\"https:\/\/www.ffmc72.fr\/site\/wp-content\/uploads\/2020\/05\/sticker-partenaire-1.jpg 1024w, https:\/\/www.ffmc72.fr\/site\/wp-content\/uploads\/2020\/05\/sticker-partenaire-1-300x104.jpg 300w, https:\/\/www.ffmc72.fr\/site\/wp-content\/uploads\/2020\/05\/sticker-partenaire-1-768x267.jpg 768w, https:\/\/www.ffmc72.fr\/site\/wp-content\/uploads\/2020\/05\/sticker-partenaire-1-450x156.jpg 450w, https:\/\/www.ffmc72.fr\/site\/wp-content\/uploads\/2020\/05\/sticker-partenaire-1-150x52.jpg 150w\" sizes=\"auto, (max-width: 1024px) 100vw, 1024px\" \/><\/a><\/figure>\n<\/div>\n\n\n<div class=\"wp-block-group\"><div class=\"wp-block-group__inner-container is-layout-flow wp-block-group-is-layout-flow\"><\/div><\/div>\n\n\n\n<hr class=\"wp-block-separator has-text-color has-vivid-green-cyan-color has-css-opacity has-vivid-green-cyan-background-color has-background is-style-dots\"\/>\n\n\n\n<figure class=\"wp-block-image size-full\"><a href=\"https:\/\/www.ffmc72.fr\/site\/wp-content\/uploads\/2024\/02\/mp-title-address.png\"><img loading=\"lazy\" decoding=\"async\" width=\"981\" height=\"159\" src=\"https:\/\/www.ffmc72.fr\/site\/wp-content\/uploads\/2024\/02\/mp-title-address.png\" alt=\"\" class=\"wp-image-2432\" srcset=\"https:\/\/www.ffmc72.fr\/site\/wp-content\/uploads\/2024\/02\/mp-title-address.png 981w, https:\/\/www.ffmc72.fr\/site\/wp-content\/uploads\/2024\/02\/mp-title-address-300x49.png 300w, https:\/\/www.ffmc72.fr\/site\/wp-content\/uploads\/2024\/02\/mp-title-address-768x124.png 768w, https:\/\/www.ffmc72.fr\/site\/wp-content\/uploads\/2024\/02\/mp-title-address-450x73.png 450w, https:\/\/www.ffmc72.fr\/site\/wp-content\/uploads\/2024\/02\/mp-title-address-150x24.png 150w\" sizes=\"auto, (max-width: 981px) 100vw, 981px\" \/><\/a><\/figure>\n\n\n\n<hr class=\"wp-block-separator has-text-color has-vivid-green-cyan-color has-css-opacity has-vivid-green-cyan-background-color has-background is-style-dots\"\/>\n\n\n\n<div class=\"wp-block-columns is-layout-flex wp-container-core-columns-is-layout-9d6595d7 wp-block-columns-is-layout-flex\">\n<div class=\"wp-block-column is-layout-flow wp-block-column-is-layout-flow\" style=\"flex-basis:66.66%\">\n<figure class=\"wp-block-image size-full\"><a href=\"https:\/\/www.ffmc72.fr\/site\/wp-content\/uploads\/2024\/02\/MotoKazParc.jpg\"><img loading=\"lazy\" decoding=\"async\" width=\"555\" height=\"60\" src=\"https:\/\/www.ffmc72.fr\/site\/wp-content\/uploads\/2024\/02\/MotoKazParc.jpg\" alt=\"\" class=\"wp-image-2433\" srcset=\"https:\/\/www.ffmc72.fr\/site\/wp-content\/uploads\/2024\/02\/MotoKazParc.jpg 555w, https:\/\/www.ffmc72.fr\/site\/wp-content\/uploads\/2024\/02\/MotoKazParc-300x32.jpg 300w, https:\/\/www.ffmc72.fr\/site\/wp-content\/uploads\/2024\/02\/MotoKazParc-450x49.jpg 450w, https:\/\/www.ffmc72.fr\/site\/wp-content\/uploads\/2024\/02\/MotoKazParc-150x16.jpg 150w\" sizes=\"auto, (max-width: 555px) 100vw, 555px\" \/><\/a><\/figure>\n<\/div>\n\n\n\n<div class=\"wp-block-column is-layout-flow wp-block-column-is-layout-flow\" style=\"flex-basis:33.33%\">\n<h4 class=\"wp-block-heading\"><a href=\"https:\/\/www.motokazparc.fr\/occasions\/\">MotOkazParc<\/a><\/h4>\n\n\n\n<h6 class=\"wp-block-heading\">OCCASIONS PREMIUM<\/h6>\n\n\n\n<p>77 avenue du Panorama<br \/>72100 Le Mans<\/p>\n\n\n\n<p><strong>02 52 22 99 44<\/strong><\/p>\n<\/div>\n<\/div>\n\n\n\n<hr class=\"wp-block-separator has-text-color has-vivid-green-cyan-color has-css-opacity has-vivid-green-cyan-background-color has-background is-style-dots\"\/>\n\n\n\n<figure class=\"wp-block-image size-large\"><a href=\"https:\/\/www.ffmc72.fr\/site\/wp-content\/uploads\/2024\/02\/bikeparc_footer.png\"><img loading=\"lazy\" decoding=\"async\" width=\"1024\" height=\"105\" src=\"https:\/\/www.ffmc72.fr\/site\/wp-content\/uploads\/2024\/02\/bikeparc_footer-1024x105.png\" alt=\"\" class=\"wp-image-2434\" srcset=\"https:\/\/www.ffmc72.fr\/site\/wp-content\/uploads\/2024\/02\/bikeparc_footer-1024x105.png 1024w, https:\/\/www.ffmc72.fr\/site\/wp-content\/uploads\/2024\/02\/bikeparc_footer-300x31.png 300w, https:\/\/www.ffmc72.fr\/site\/wp-content\/uploads\/2024\/02\/bikeparc_footer-768x79.png 768w, https:\/\/www.ffmc72.fr\/site\/wp-content\/uploads\/2024\/02\/bikeparc_footer-450x46.png 450w, https:\/\/www.ffmc72.fr\/site\/wp-content\/uploads\/2024\/02\/bikeparc_footer-150x15.png 150w, https:\/\/www.ffmc72.fr\/site\/wp-content\/uploads\/2024\/02\/bikeparc_footer.png 1132w\" sizes=\"auto, (max-width: 1024px) 100vw, 1024px\" \/><\/a><figcaption class=\"wp-element-caption\"><a href=\"https:\/\/le-mans.honda-motos.com\/\">https:\/\/le-mans.honda-motos.com\/<\/a><\/figcaption><\/figure>\n\n\n\n<hr class=\"wp-block-separator has-text-color has-vivid-green-cyan-color has-css-opacity has-vivid-green-cyan-background-color has-background is-style-dots\"\/>\n\n\n\n<div class=\"wp-block-columns is-layout-flex wp-container-core-columns-is-layout-9d6595d7 wp-block-columns-is-layout-flex\">\n<div class=\"wp-block-column is-vertically-aligned-center is-layout-flow wp-block-column-is-layout-flow\" style=\"flex-basis:66.66%\"><div class=\"wp-block-image\">\n<figure class=\"aligncenter size-medium\"><img loading=\"lazy\" decoding=\"async\" width=\"300\" height=\"195\" src=\"https:\/\/www.ffmc72.fr\/site\/wp-content\/uploads\/2015\/02\/Remy-Ebenisterie-300x195.jpg\" alt=\"\" class=\"wp-image-565\" srcset=\"https:\/\/www.ffmc72.fr\/site\/wp-content\/uploads\/2015\/02\/Remy-Ebenisterie-300x195.jpg 300w, https:\/\/www.ffmc72.fr\/site\/wp-content\/uploads\/2015\/02\/Remy-Ebenisterie-250x162.jpg 250w, https:\/\/www.ffmc72.fr\/site\/wp-content\/uploads\/2015\/02\/Remy-Ebenisterie-700x455.jpg 700w, https:\/\/www.ffmc72.fr\/site\/wp-content\/uploads\/2015\/02\/Remy-Ebenisterie.jpg 996w\" sizes=\"auto, (max-width: 300px) 100vw, 300px\" \/><\/figure>\n<\/div><\/div>\n\n\n\n<div class=\"wp-block-column is-layout-flow wp-block-column-is-layout-flow\" style=\"flex-basis:33.33%\">\n<p><strong>Remy Eb\u00e9nisterie<\/strong><\/p>\n\n\n\n<p><strong>Exemples :<\/strong> Cuisine (mobilit\u00e9 r\u00e9duite), salle de bains, escaliers dressing&#8230;<\/p>\n\n\n\n<p><strong>Email: <\/strong>remy.lalande@bbox.fr<\/p>\n\n\n\n<p><strong>Site Internet: <\/strong><a rel=\"noreferrer noopener\" href=\"http:\/\/www.remy-ebenisterie-menuiserie-y.fr\" target=\"_blank\">http:\/\/www.remy-ebenisterie-menuiserie-y.fr<\/a><\/p>\n\n\n\n<p><strong>T\u00e9l\u00e9phone: <\/strong>02 43 33 73 94 ou 06 60 97 09 30<\/p>\n\n\n\n<p><strong>Adresse:&nbsp;<\/strong><a rel=\"noreferrer noopener\" href=\"https:\/\/goo.gl\/maps\/cOmXS\" target=\"_blank\">La Pitoisi\u00e8re 72170 Maresch\u00e9<\/a><\/p>\n<\/div>\n<\/div>\n\n\n\n<hr class=\"wp-block-separator has-text-color has-vivid-green-cyan-color has-css-opacity has-vivid-green-cyan-background-color has-background is-style-dots\"\/>\n\n\n\n<div class=\"wp-block-columns is-layout-flex wp-container-core-columns-is-layout-9d6595d7 wp-block-columns-is-layout-flex\">\n<div class=\"wp-block-column is-layout-flow wp-block-column-is-layout-flow\" style=\"flex-basis:66.66%\"><div class=\"wp-block-image\">\n<figure class=\"aligncenter size-medium\"><img loading=\"lazy\" decoding=\"async\" width=\"300\" height=\"297\" src=\"https:\/\/www.ffmc72.fr\/site\/wp-content\/uploads\/2020\/05\/574eddef4c9e5-300x297.png\" alt=\"\" class=\"wp-image-1599\" srcset=\"https:\/\/www.ffmc72.fr\/site\/wp-content\/uploads\/2020\/05\/574eddef4c9e5-300x297.png 300w, https:\/\/www.ffmc72.fr\/site\/wp-content\/uploads\/2020\/05\/574eddef4c9e5-150x150.png 150w, https:\/\/www.ffmc72.fr\/site\/wp-content\/uploads\/2020\/05\/574eddef4c9e5-450x446.png 450w, https:\/\/www.ffmc72.fr\/site\/wp-content\/uploads\/2020\/05\/574eddef4c9e5.png 710w\" sizes=\"auto, (max-width: 300px) 100vw, 300px\" \/><\/figure>\n<\/div><\/div>\n\n\n\n<div class=\"wp-block-column is-vertically-aligned-center is-layout-flow wp-block-column-is-layout-flow\" style=\"flex-basis:33.33%\">\n<p>ACO<\/p>\n\n\n\n<p><a href=\"https:\/\/www.lemans.org\/\" target=\"_blank\" rel=\"noreferrer noopener\">https:\/\/www.lemans.org\/<\/a><\/p>\n<\/div>\n<\/div>\n\n\n\n<hr class=\"wp-block-separator has-text-color has-vivid-green-cyan-color has-css-opacity has-vivid-green-cyan-background-color has-background is-style-dots\"\/>\n\n\n<h3 style=\"text-align: center;\"><strong>Clubs et associations motos<\/strong><\/h3>\n\n\n<div class=\"wp-block-columns is-layout-flex wp-container-core-columns-is-layout-9d6595d7 wp-block-columns-is-layout-flex\">\n<div class=\"wp-block-column is-layout-flow wp-block-column-is-layout-flow\" style=\"flex-basis:66.66%\"><div class=\"wp-block-image\">\n<figure class=\"aligncenter size-full is-resized\"><a href=\"https:\/\/www.ffmc72.fr\/site\/wp-content\/uploads\/2024\/01\/308101345_461201866036668_2037824780867249129_n.jpg\"><img loading=\"lazy\" decoding=\"async\" width=\"341\" height=\"341\" src=\"https:\/\/www.ffmc72.fr\/site\/wp-content\/uploads\/2024\/01\/308101345_461201866036668_2037824780867249129_n.jpg\" alt=\"\" class=\"wp-image-2408\" style=\"width:241px;height:auto\" srcset=\"https:\/\/www.ffmc72.fr\/site\/wp-content\/uploads\/2024\/01\/308101345_461201866036668_2037824780867249129_n.jpg 341w, https:\/\/www.ffmc72.fr\/site\/wp-content\/uploads\/2024\/01\/308101345_461201866036668_2037824780867249129_n-300x300.jpg 300w, https:\/\/www.ffmc72.fr\/site\/wp-content\/uploads\/2024\/01\/308101345_461201866036668_2037824780867249129_n-150x150.jpg 150w\" sizes=\"auto, (max-width: 341px) 100vw, 341px\" \/><\/a><\/figure>\n<\/div><\/div>\n\n\n\n<div class=\"wp-block-column is-vertically-aligned-center is-layout-flow wp-block-column-is-layout-flow\" style=\"flex-basis:33.33%\">\n<p>Moto Club les casques d&rsquo;or :<\/p>\n\n\n\n<p><a href=\"https:\/\/www.facebook.com\/Moto.Club.Association.Casque.Dor\/\" target=\"_blank\" rel=\"noreferrer noopener\">https:\/\/www.facebook.com\/Moto.Club.Association.Casque.Dor\/<\/a><\/p>\n<\/div>\n<\/div>\n\n\n\n<div class=\"wp-block-columns is-layout-flex wp-container-core-columns-is-layout-9d6595d7 wp-block-columns-is-layout-flex\">\n<div class=\"wp-block-column is-layout-flow wp-block-column-is-layout-flow\" style=\"flex-basis:66.66%\"><div class=\"wp-block-image\">\n<figure class=\"aligncenter size-large is-resized\"><a href=\"https:\/\/www.ffmc72.fr\/site\/wp-content\/uploads\/2024\/01\/305843908_472424261591215_3632647350109900279_n.png\"><img loading=\"lazy\" decoding=\"async\" width=\"1024\" height=\"1024\" src=\"https:\/\/www.ffmc72.fr\/site\/wp-content\/uploads\/2024\/01\/305843908_472424261591215_3632647350109900279_n-1024x1024.png\" alt=\"\" class=\"wp-image-2409\" style=\"width:252px;height:auto\" srcset=\"https:\/\/www.ffmc72.fr\/site\/wp-content\/uploads\/2024\/01\/305843908_472424261591215_3632647350109900279_n-1024x1024.png 1024w, https:\/\/www.ffmc72.fr\/site\/wp-content\/uploads\/2024\/01\/305843908_472424261591215_3632647350109900279_n-300x300.png 300w, https:\/\/www.ffmc72.fr\/site\/wp-content\/uploads\/2024\/01\/305843908_472424261591215_3632647350109900279_n-150x150.png 150w, https:\/\/www.ffmc72.fr\/site\/wp-content\/uploads\/2024\/01\/305843908_472424261591215_3632647350109900279_n-768x768.png 768w, https:\/\/www.ffmc72.fr\/site\/wp-content\/uploads\/2024\/01\/305843908_472424261591215_3632647350109900279_n-450x450.png 450w, https:\/\/www.ffmc72.fr\/site\/wp-content\/uploads\/2024\/01\/305843908_472424261591215_3632647350109900279_n.png 1237w\" sizes=\"auto, (max-width: 1024px) 100vw, 1024px\" \/><\/a><\/figure>\n<\/div><\/div>\n\n\n\n<div class=\"wp-block-column is-vertically-aligned-center is-layout-flow wp-block-column-is-layout-flow\" style=\"flex-basis:33.33%\">\n<p>Toutes en Moto :<\/p>\n\n\n\n<p><a href=\"https:\/\/www.toutesenmoto.org\/\" target=\"_blank\" rel=\"noreferrer noopener\">https:\/\/www.toutesenmoto.org\/<\/a><\/p>\n<\/div>\n<\/div>\n\n\n\n<p class=\"has-text-align-center\"><\/p>\n\n\n\n<p class=\"has-text-align-center\"><\/p>\n\n\n\n<hr class=\"wp-block-separator has-text-color has-vivid-green-cyan-color has-css-opacity has-vivid-green-cyan-background-color has-background is-style-dots\"\/>\n","protected":false},"excerpt":{"rendered":"<p>Pour cette ann\u00e9e, les partenaires suivants nous soutiennent et affichent ce visuel. MotOkazParc OCCASIONS PREMIUM 77 avenue du Panorama72100 Le Mans 02 52 22 99 44 Remy Eb\u00e9nisterie Exemples : Cuisine (mobilit\u00e9 r\u00e9duite), salle de bains, escaliers dressing&#8230; Email: remy.lalande@bbox.fr Site Internet: http:\/\/www.remy-ebenisterie-menuiserie-y.fr T\u00e9l\u00e9phone: 02 43 33 73 94 ou 06 60 97 09 30 Adresse:&nbsp;La Pitoisi\u00e8re 72170 Maresch\u00e9 ACO https:\/\/www.lemans.org\/ Clubs et associations motos Moto Club les casques d&rsquo;or : https:\/\/www.facebook.com\/Moto.Club.Association.Casque.Dor\/ Toutes en Moto : https:\/\/www.toutesenmoto.org\/<\/p>\n<p class=\"continue-reading-button\"> <a class=\"continue-reading-link\" href=\"https:\/\/www.ffmc72.fr\/site\/partenaires-2\/\">Continuer \u00e0 lire<i class=\"crycon-right-dir\"><\/i><\/a><\/p>\n","protected":false},"author":1,"featured_media":0,"parent":0,"menu_order":0,"comment_status":"closed","ping_status":"closed","template":"","meta":{"footnotes":""},"class_list":["post-93","page","type-page","status-publish","hentry"],"yoast_head":"<!-- This site is optimized with the Yoast SEO plugin v27.5 - https:\/\/yoast.com\/product\/yoast-seo-wordpress\/ -->\n<title>Partenaires - FFMC 72 - F\u00e9d\u00e9ration Fran\u00e7aise des motards en col\u00e8res de la Sarthe - boycott contr\u00f4le technique moto, contre les ZFE, Adherer, nid de poule, infrastructure, action gazoil, consignes casques, 24h du mans, non au CT2RM, FFMC Sarthe, FFMC 72, F.F.M.C, ERJ, Le Mans, FFMC Le Mans, Veille sur les contr\u00f4les syst\u00e9matiques<\/title>\n<meta name=\"robots\" content=\"index, follow, max-snippet:-1, max-image-preview:large, max-video-preview:-1\" \/>\n<link rel=\"canonical\" href=\"https:\/\/www.ffmc72.fr\/site\/partenaires-2\/\" \/>\n<meta property=\"og:locale\" content=\"fr_FR\" \/>\n<meta property=\"og:type\" content=\"article\" \/>\n<meta property=\"og:title\" content=\"Partenaires - FFMC 72 - F\u00e9d\u00e9ration Fran\u00e7aise des motards en col\u00e8res de la Sarthe - boycott contr\u00f4le technique moto, contre les ZFE, Adherer, nid de poule, infrastructure, action gazoil, consignes casques, 24h du mans, non au CT2RM, FFMC Sarthe, FFMC 72, F.F.M.C, ERJ, Le Mans, FFMC Le Mans, Veille sur les contr\u00f4les syst\u00e9matiques\" \/>\n<meta property=\"og:description\" content=\"Pour cette ann\u00e9e, les partenaires suivants nous soutiennent et affichent ce visuel. MotOkazParc OCCASIONS PREMIUM 77 avenue du Panorama72100 Le Mans 02 52 22 99 44 Remy Eb\u00e9nisterie Exemples : Cuisine (mobilit\u00e9 r\u00e9duite), salle de bains, escaliers dressing&#8230; Email: remy.lalande@bbox.fr Site Internet: http:\/\/www.remy-ebenisterie-menuiserie-y.fr T\u00e9l\u00e9phone: 02 43 33 73 94 ou 06 60 97 09 30 Adresse:&nbsp;La Pitoisi\u00e8re 72170 Maresch\u00e9 ACO https:\/\/www.lemans.org\/ Clubs et associations motos Moto Club les casques d&rsquo;or : https:\/\/www.facebook.com\/Moto.Club.Association.Casque.Dor\/ Toutes en Moto : https:\/\/www.toutesenmoto.org\/ Continuer \u00e0 lire\" \/>\n<meta property=\"og:url\" content=\"https:\/\/www.ffmc72.fr\/site\/partenaires-2\/\" \/>\n<meta property=\"og:site_name\" content=\"FFMC 72 - F\u00e9d\u00e9ration Fran\u00e7aise des motards en col\u00e8res de la Sarthe - boycott contr\u00f4le technique moto, contre les ZFE, Adherer, nid de poule, infrastructure, action gazoil, consignes casques, 24h du mans, non au CT2RM, FFMC Sarthe, FFMC 72, F.F.M.C, ERJ, Le Mans, FFMC Le Mans, Veille sur les contr\u00f4les syst\u00e9matiques\" \/>\n<meta property=\"article:publisher\" content=\"https:\/\/www.facebook.com\/ffmc72\" \/>\n<meta property=\"article:modified_time\" content=\"2026-01-26T19:49:12+00:00\" \/>\n<meta property=\"og:image\" content=\"https:\/\/www.ffmc72.fr\/site\/wp-content\/uploads\/2020\/05\/sticker-partenaire-1.jpg\" \/>\n\t<meta property=\"og:image:width\" content=\"1024\" \/>\n\t<meta property=\"og:image:height\" content=\"356\" \/>\n\t<meta property=\"og:image:type\" content=\"image\/jpeg\" \/>\n<meta name=\"twitter:card\" content=\"summary_large_image\" \/>\n<meta name=\"twitter:label1\" content=\"Dur\u00e9e de lecture estim\u00e9e\" \/>\n\t<meta name=\"twitter:data1\" content=\"2 minutes\" \/>\n<script type=\"application\/ld+json\" class=\"yoast-schema-graph\">{\"@context\":\"https:\\\/\\\/schema.org\",\"@graph\":[{\"@type\":\"WebPage\",\"@id\":\"https:\\\/\\\/www.ffmc72.fr\\\/site\\\/partenaires-2\\\/\",\"url\":\"https:\\\/\\\/www.ffmc72.fr\\\/site\\\/partenaires-2\\\/\",\"name\":\"Partenaires - FFMC 72 - F\u00e9d\u00e9ration Fran\u00e7aise des motards en col\u00e8res de la Sarthe - boycott contr\u00f4le technique moto, contre les ZFE, Adherer, nid de poule, infrastructure, action gazoil, consignes casques, 24h du mans, non au CT2RM, FFMC Sarthe, FFMC 72, F.F.M.C, ERJ, Le Mans, FFMC Le Mans, Veille sur les contr\u00f4les syst\u00e9matiques\",\"isPartOf\":{\"@id\":\"https:\\\/\\\/www.ffmc72.fr\\\/site\\\/#website\"},\"primaryImageOfPage\":{\"@id\":\"https:\\\/\\\/www.ffmc72.fr\\\/site\\\/partenaires-2\\\/#primaryimage\"},\"image\":{\"@id\":\"https:\\\/\\\/www.ffmc72.fr\\\/site\\\/partenaires-2\\\/#primaryimage\"},\"thumbnailUrl\":\"https:\\\/\\\/www.ffmc72.fr\\\/site\\\/wp-content\\\/uploads\\\/2020\\\/05\\\/sticker-partenaire-1.jpg\",\"datePublished\":\"2014-01-20T16:07:26+00:00\",\"dateModified\":\"2026-01-26T19:49:12+00:00\",\"breadcrumb\":{\"@id\":\"https:\\\/\\\/www.ffmc72.fr\\\/site\\\/partenaires-2\\\/#breadcrumb\"},\"inLanguage\":\"fr-FR\",\"potentialAction\":[{\"@type\":\"ReadAction\",\"target\":[\"https:\\\/\\\/www.ffmc72.fr\\\/site\\\/partenaires-2\\\/\"]}]},{\"@type\":\"ImageObject\",\"inLanguage\":\"fr-FR\",\"@id\":\"https:\\\/\\\/www.ffmc72.fr\\\/site\\\/partenaires-2\\\/#primaryimage\",\"url\":\"https:\\\/\\\/www.ffmc72.fr\\\/site\\\/wp-content\\\/uploads\\\/2020\\\/05\\\/sticker-partenaire-1.jpg\",\"contentUrl\":\"https:\\\/\\\/www.ffmc72.fr\\\/site\\\/wp-content\\\/uploads\\\/2020\\\/05\\\/sticker-partenaire-1.jpg\",\"width\":1024,\"height\":356},{\"@type\":\"BreadcrumbList\",\"@id\":\"https:\\\/\\\/www.ffmc72.fr\\\/site\\\/partenaires-2\\\/#breadcrumb\",\"itemListElement\":[{\"@type\":\"ListItem\",\"position\":1,\"name\":\"Accueil\",\"item\":\"https:\\\/\\\/www.ffmc72.fr\\\/site\\\/\"},{\"@type\":\"ListItem\",\"position\":2,\"name\":\"Partenaires\"}]},{\"@type\":\"WebSite\",\"@id\":\"https:\\\/\\\/www.ffmc72.fr\\\/site\\\/#website\",\"url\":\"https:\\\/\\\/www.ffmc72.fr\\\/site\\\/\",\"name\":\"FFMC 72 - F\u00e9d\u00e9ration Fran\u00e7aise des motards en col\u00e8res de la Sarthe - boycott contr\u00f4le technique moto, contre les ZFE, Adherer, nid de poule, infrastructure, action gazoil, consignes casques, 24h du mans, non au CT2RM, FFMC Sarthe, FFMC 72, F.F.M.C, ERJ, Le Mans, FFMC Le Mans, Veille sur les contr\u00f4les syst\u00e9matiques\",\"description\":\"Plus nombreux, plus fort, rejoint la FFMC\",\"publisher\":{\"@id\":\"https:\\\/\\\/www.ffmc72.fr\\\/site\\\/#organization\"},\"alternateName\":\"FFMC 72\",\"potentialAction\":[{\"@type\":\"SearchAction\",\"target\":{\"@type\":\"EntryPoint\",\"urlTemplate\":\"https:\\\/\\\/www.ffmc72.fr\\\/site\\\/?s={search_term_string}\"},\"query-input\":{\"@type\":\"PropertyValueSpecification\",\"valueRequired\":true,\"valueName\":\"search_term_string\"}}],\"inLanguage\":\"fr-FR\"},{\"@type\":\"Organization\",\"@id\":\"https:\\\/\\\/www.ffmc72.fr\\\/site\\\/#organization\",\"name\":\"FFMC 72\",\"url\":\"https:\\\/\\\/www.ffmc72.fr\\\/site\\\/\",\"logo\":{\"@type\":\"ImageObject\",\"inLanguage\":\"fr-FR\",\"@id\":\"https:\\\/\\\/www.ffmc72.fr\\\/site\\\/#\\\/schema\\\/logo\\\/image\\\/\",\"url\":\"https:\\\/\\\/www.ffmc72.fr\\\/site\\\/wp-content\\\/uploads\\\/2020\\\/05\\\/sticker-partenaire.jpg\",\"contentUrl\":\"https:\\\/\\\/www.ffmc72.fr\\\/site\\\/wp-content\\\/uploads\\\/2020\\\/05\\\/sticker-partenaire.jpg\",\"width\":1024,\"height\":239,\"caption\":\"FFMC 72\"},\"image\":{\"@id\":\"https:\\\/\\\/www.ffmc72.fr\\\/site\\\/#\\\/schema\\\/logo\\\/image\\\/\"},\"sameAs\":[\"https:\\\/\\\/www.facebook.com\\\/ffmc72\"]}]}<\/script>\n<!-- \/ Yoast SEO plugin. -->","yoast_head_json":{"title":"Partenaires - FFMC 72 - F\u00e9d\u00e9ration Fran\u00e7aise des motards en col\u00e8res de la Sarthe - boycott contr\u00f4le technique moto, contre les ZFE, Adherer, nid de poule, infrastructure, action gazoil, consignes casques, 24h du mans, non au CT2RM, FFMC Sarthe, FFMC 72, F.F.M.C, ERJ, Le Mans, FFMC Le Mans, Veille sur les contr\u00f4les syst\u00e9matiques","robots":{"index":"index","follow":"follow","max-snippet":"max-snippet:-1","max-image-preview":"max-image-preview:large","max-video-preview":"max-video-preview:-1"},"canonical":"https:\/\/www.ffmc72.fr\/site\/partenaires-2\/","og_locale":"fr_FR","og_type":"article","og_title":"Partenaires - FFMC 72 - F\u00e9d\u00e9ration Fran\u00e7aise des motards en col\u00e8res de la Sarthe - boycott contr\u00f4le technique moto, contre les ZFE, Adherer, nid de poule, infrastructure, action gazoil, consignes casques, 24h du mans, non au CT2RM, FFMC Sarthe, FFMC 72, F.F.M.C, ERJ, Le Mans, FFMC Le Mans, Veille sur les contr\u00f4les syst\u00e9matiques","og_description":"Pour cette ann\u00e9e, les partenaires suivants nous soutiennent et affichent ce visuel. MotOkazParc OCCASIONS PREMIUM 77 avenue du Panorama72100 Le Mans 02 52 22 99 44 Remy Eb\u00e9nisterie Exemples : Cuisine (mobilit\u00e9 r\u00e9duite), salle de bains, escaliers dressing&#8230; Email: remy.lalande@bbox.fr Site Internet: http:\/\/www.remy-ebenisterie-menuiserie-y.fr T\u00e9l\u00e9phone: 02 43 33 73 94 ou 06 60 97 09 30 Adresse:&nbsp;La Pitoisi\u00e8re 72170 Maresch\u00e9 ACO https:\/\/www.lemans.org\/ Clubs et associations motos Moto Club les casques d&rsquo;or : https:\/\/www.facebook.com\/Moto.Club.Association.Casque.Dor\/ Toutes en Moto : https:\/\/www.toutesenmoto.org\/ Continuer \u00e0 lire","og_url":"https:\/\/www.ffmc72.fr\/site\/partenaires-2\/","og_site_name":"FFMC 72 - F\u00e9d\u00e9ration Fran\u00e7aise des motards en col\u00e8res de la Sarthe - boycott contr\u00f4le technique moto, contre les ZFE, Adherer, nid de poule, infrastructure, action gazoil, consignes casques, 24h du mans, non au CT2RM, FFMC Sarthe, FFMC 72, F.F.M.C, ERJ, Le Mans, FFMC Le Mans, Veille sur les contr\u00f4les syst\u00e9matiques","article_publisher":"https:\/\/www.facebook.com\/ffmc72","article_modified_time":"2026-01-26T19:49:12+00:00","og_image":[{"width":1024,"height":356,"url":"https:\/\/www.ffmc72.fr\/site\/wp-content\/uploads\/2020\/05\/sticker-partenaire-1.jpg","type":"image\/jpeg"}],"twitter_card":"summary_large_image","twitter_misc":{"Dur\u00e9e de lecture estim\u00e9e":"2 minutes"},"schema":{"@context":"https:\/\/schema.org","@graph":[{"@type":"WebPage","@id":"https:\/\/www.ffmc72.fr\/site\/partenaires-2\/","url":"https:\/\/www.ffmc72.fr\/site\/partenaires-2\/","name":"Partenaires - FFMC 72 - F\u00e9d\u00e9ration Fran\u00e7aise des motards en col\u00e8res de la Sarthe - boycott contr\u00f4le technique moto, contre les ZFE, Adherer, nid de poule, infrastructure, action gazoil, consignes casques, 24h du mans, non au CT2RM, FFMC Sarthe, FFMC 72, F.F.M.C, ERJ, Le Mans, FFMC Le Mans, Veille sur les contr\u00f4les syst\u00e9matiques","isPartOf":{"@id":"https:\/\/www.ffmc72.fr\/site\/#website"},"primaryImageOfPage":{"@id":"https:\/\/www.ffmc72.fr\/site\/partenaires-2\/#primaryimage"},"image":{"@id":"https:\/\/www.ffmc72.fr\/site\/partenaires-2\/#primaryimage"},"thumbnailUrl":"https:\/\/www.ffmc72.fr\/site\/wp-content\/uploads\/2020\/05\/sticker-partenaire-1.jpg","datePublished":"2014-01-20T16:07:26+00:00","dateModified":"2026-01-26T19:49:12+00:00","breadcrumb":{"@id":"https:\/\/www.ffmc72.fr\/site\/partenaires-2\/#breadcrumb"},"inLanguage":"fr-FR","potentialAction":[{"@type":"ReadAction","target":["https:\/\/www.ffmc72.fr\/site\/partenaires-2\/"]}]},{"@type":"ImageObject","inLanguage":"fr-FR","@id":"https:\/\/www.ffmc72.fr\/site\/partenaires-2\/#primaryimage","url":"https:\/\/www.ffmc72.fr\/site\/wp-content\/uploads\/2020\/05\/sticker-partenaire-1.jpg","contentUrl":"https:\/\/www.ffmc72.fr\/site\/wp-content\/uploads\/2020\/05\/sticker-partenaire-1.jpg","width":1024,"height":356},{"@type":"BreadcrumbList","@id":"https:\/\/www.ffmc72.fr\/site\/partenaires-2\/#breadcrumb","itemListElement":[{"@type":"ListItem","position":1,"name":"Accueil","item":"https:\/\/www.ffmc72.fr\/site\/"},{"@type":"ListItem","position":2,"name":"Partenaires"}]},{"@type":"WebSite","@id":"https:\/\/www.ffmc72.fr\/site\/#website","url":"https:\/\/www.ffmc72.fr\/site\/","name":"FFMC 72 - F\u00e9d\u00e9ration Fran\u00e7aise des motards en col\u00e8res de la Sarthe - boycott contr\u00f4le technique moto, contre les ZFE, Adherer, nid de poule, infrastructure, action gazoil, consignes casques, 24h du mans, non au CT2RM, FFMC Sarthe, FFMC 72, F.F.M.C, ERJ, Le Mans, FFMC Le Mans, Veille sur les contr\u00f4les syst\u00e9matiques","description":"Plus nombreux, plus fort, rejoint la FFMC","publisher":{"@id":"https:\/\/www.ffmc72.fr\/site\/#organization"},"alternateName":"FFMC 72","potentialAction":[{"@type":"SearchAction","target":{"@type":"EntryPoint","urlTemplate":"https:\/\/www.ffmc72.fr\/site\/?s={search_term_string}"},"query-input":{"@type":"PropertyValueSpecification","valueRequired":true,"valueName":"search_term_string"}}],"inLanguage":"fr-FR"},{"@type":"Organization","@id":"https:\/\/www.ffmc72.fr\/site\/#organization","name":"FFMC 72","url":"https:\/\/www.ffmc72.fr\/site\/","logo":{"@type":"ImageObject","inLanguage":"fr-FR","@id":"https:\/\/www.ffmc72.fr\/site\/#\/schema\/logo\/image\/","url":"https:\/\/www.ffmc72.fr\/site\/wp-content\/uploads\/2020\/05\/sticker-partenaire.jpg","contentUrl":"https:\/\/www.ffmc72.fr\/site\/wp-content\/uploads\/2020\/05\/sticker-partenaire.jpg","width":1024,"height":239,"caption":"FFMC 72"},"image":{"@id":"https:\/\/www.ffmc72.fr\/site\/#\/schema\/logo\/image\/"},"sameAs":["https:\/\/www.facebook.com\/ffmc72"]}]}},"_links":{"self":[{"href":"https:\/\/www.ffmc72.fr\/site\/wp-json\/wp\/v2\/pages\/93","targetHints":{"allow":["GET"]}}],"collection":[{"href":"https:\/\/www.ffmc72.fr\/site\/wp-json\/wp\/v2\/pages"}],"about":[{"href":"https:\/\/www.ffmc72.fr\/site\/wp-json\/wp\/v2\/types\/page"}],"author":[{"embeddable":true,"href":"https:\/\/www.ffmc72.fr\/site\/wp-json\/wp\/v2\/users\/1"}],"replies":[{"embeddable":true,"href":"https:\/\/www.ffmc72.fr\/site\/wp-json\/wp\/v2\/comments?post=93"}],"version-history":[{"count":83,"href":"https:\/\/www.ffmc72.fr\/site\/wp-json\/wp\/v2\/pages\/93\/revisions"}],"predecessor-version":[{"id":2923,"href":"https:\/\/www.ffmc72.fr\/site\/wp-json\/wp\/v2\/pages\/93\/revisions\/2923"}],"wp:attachment":[{"href":"https:\/\/www.ffmc72.fr\/site\/wp-json\/wp\/v2\/media?parent=93"}],"curies":[{"name":"wp","href":"https:\/\/api.w.org\/{rel}","templated":true}]}}