{"id":693,"date":"2015-06-10T14:07:01","date_gmt":"2015-06-10T13:07:01","guid":{"rendered":"http:\/\/ffmc72.fr\/site\/?page_id=693"},"modified":"2025-04-05T19:49:10","modified_gmt":"2025-04-05T17:49:10","slug":"bureau","status":"publish","type":"page","link":"https:\/\/www.ffmc72.fr\/site\/bureau\/","title":{"rendered":"Bureau"},"content":{"rendered":"<h4 style=\"text-align: center;\">Voici le bureau de votre F\u00e9d\u00e9<\/h4>\n<h3>Contacts FFMC72<\/h3>\n<h4><span style=\"text-decoration: underline;\">Conseil d\u2019administration et Bureau de la FFMC72\u00a0<a href=\"https:\/\/www.ffmc72.fr\/site\/wp-content\/uploads\/2015\/06\/Mutuelle.png\"><br \/>\n<\/a><\/span><\/h4>\n<ul>\n<li><span style=\"text-decoration: underline;\">Relation Presse &amp; M\u00e9dia :<\/span>\u00a0 ffmc72@gmail.com<strong style=\"font-family: sans-serif; font-size: medium; font-style: normal; font-variant: normal; line-height: normal;\"><br \/>\n<\/strong><\/li>\n<li><span style=\"text-decoration: underline;\">Webmaster :<\/span> <a href=\"mailto:webmaster@ffmc72.fr\">webmaster@ffmc72.fr<\/a><\/li>\n<\/ul>\n<table border=\"0\" cellspacing=\"0\" cellpadding=\"0\">\n<tbody>\n<tr>\n<td valign=\"top\" width=\"200\"><a href=\"https:\/\/www.ffmc72.fr\/site\/wp-content\/uploads\/2025\/01\/Rudy-260x300-2.png\"><img loading=\"lazy\" decoding=\"async\" class=\"aligncenter size-full wp-image-2637\" src=\"https:\/\/www.ffmc72.fr\/site\/wp-content\/uploads\/2025\/01\/Rudy-260x300-2.png\" alt=\"\" width=\"260\" height=\"300\" srcset=\"https:\/\/www.ffmc72.fr\/site\/wp-content\/uploads\/2025\/01\/Rudy-260x300-2.png 260w, https:\/\/www.ffmc72.fr\/site\/wp-content\/uploads\/2025\/01\/Rudy-260x300-2-130x150.png 130w\" sizes=\"auto, (max-width: 260px) 100vw, 260px\" \/><\/a><\/td>\n<td valign=\"top\" width=\"200\"><img loading=\"lazy\" decoding=\"async\" class=\"aligncenter wp-image-1421\" src=\"https:\/\/www.ffmc72.fr\/site\/wp-content\/uploads\/2025\/01\/Alain-260x300-2.png\" alt=\"\" width=\"234\" height=\"270\" \/><\/td>\n<td valign=\"top\" width=\"200\"><img loading=\"lazy\" decoding=\"async\" class=\"aligncenter wp-image-1421\" src=\"https:\/\/www.ffmc72.fr\/site\/wp-content\/uploads\/2025\/01\/Fabrice-260x300-2.png\" alt=\"\" width=\"234\" height=\"270\" \/><\/td>\n<\/tr>\n<tr>\n<td valign=\"top\" width=\"200\">\n<h3>Rudy GUILLEMOT<\/h3>\n<h4>Coordinateur<\/h4>\n<h4>Infrastructures<\/h4>\n<h4>Facebook<\/h4>\n<\/td>\n<td valign=\"top\" width=\"200\">\n<h3>Alain BAUSSAN<\/h3>\n<h4>Secr\u00e9taire<\/h4>\n<h4>Administration<\/h4>\n<h4>Infrastructures<\/h4>\n<p><strong>\u00a0<\/strong><\/td>\n<td valign=\"top\" width=\"200\">\n<h3>Fabrice TELLIER<\/h3>\n<h4>Tr\u00e9sorier<\/h4>\n<h4>Gestion des Adh\u00e9sions<\/h4>\n<\/td>\n<\/tr>\n<tr>\n<td valign=\"top\" width=\"200\"><img loading=\"lazy\" decoding=\"async\" class=\"aligncenter wp-image-1421\" src=\"https:\/\/www.ffmc72.fr\/site\/wp-content\/uploads\/2025\/01\/Fred-260x300-2.png\" alt=\"\" width=\"234\" height=\"270\" \/><\/td>\n<td valign=\"top\" width=\"200\"><img loading=\"lazy\" decoding=\"async\" class=\"aligncenter wp-image-1421\" src=\"https:\/\/www.ffmc72.fr\/site\/wp-content\/uploads\/2025\/01\/Damien-260x300-2.png\" alt=\"\" width=\"234\" height=\"270\" \/><\/td>\n<td valign=\"top\" width=\"200\"><img loading=\"lazy\" decoding=\"async\" class=\"aligncenter wp-image-1421\" src=\"https:\/\/www.ffmc72.fr\/site\/wp-content\/uploads\/2025\/01\/Olivier-260x300-2.png\" alt=\"\" width=\"234\" height=\"270\" \/><\/td>\n<\/tr>\n<tr>\n<td valign=\"top\" width=\"153\">\n<h3>Fr\u00e9d\u00e9ric LECANU<\/h3>\n<h4>Responsable ERJ<\/h4>\n<h4><\/h4>\n<\/td>\n<td valign=\"top\" width=\"200\">\n<h3>Damien MARIS<\/h3>\n<h4>Charg\u00e9 de s\u00e9curit\u00e9<\/h4>\n<h4>Infrastructures<\/h4>\n<\/td>\n<td valign=\"top\" width=\"200\">\n<h3>Olivier LERAT<\/h3>\n<h4>Commission de la ville<\/h4>\n<h4>Infrastructures<\/h4>\n<p><strong>\u00a0<\/strong><\/td>\n<\/tr>\n<\/tbody>\n<\/table>\n<p><!--more--><\/p>\n<p><a href=\"https:\/\/www.ffmc72.fr\/site\/wp-content\/uploads\/2015\/06\/2017-02-06_marc.jpg\">\u00a0<\/a><\/p>\n<h4><span style=\"text-decoration: underline;\">Relations m\u00e9dias et presse<\/span><\/h4>\n<table>\n<tbody>\n<tr>\n<td valign=\"top\" width=\"200\"><img loading=\"lazy\" decoding=\"async\" class=\"aligncenter wp-image-1421\" src=\"https:\/\/www.ffmc72.fr\/site\/wp-content\/uploads\/2025\/01\/Rudy-260x300-2.png\" alt=\"\" width=\"234\" height=\"270\" \/><\/td>\n<td valign=\"top\" width=\"200\"><img loading=\"lazy\" decoding=\"async\" class=\"aligncenter wp-image-1421\" src=\"https:\/\/www.ffmc72.fr\/site\/wp-content\/uploads\/2025\/01\/Benoit-260x300-2.png\" alt=\"\" width=\"234\" height=\"270\" \/><\/td>\n<\/tr>\n<tr>\n<td valign=\"top\" width=\"200\">\n<h3>Rudy GUILLEMOT<\/h3>\n<h4>Facebook<\/h4>\n<h4>Infrastructures<\/h4>\n<h4>Coordinateur<\/h4>\n<\/td>\n<td valign=\"top\" width=\"200\">\n<h3>Beno\u00eet HEDERER<\/h3>\n<h4>Webmaster<\/h4>\n<h4>Infrastructures<\/h4>\n<\/td>\n<\/tr>\n<\/tbody>\n<\/table>\n<h4><span style=\"text-decoration: underline;\">D\u00e9l\u00e9gu\u00e9 b\u00e9n\u00e9vole de l&rsquo;Assurance Mutuelle des Motards dans le d\u00e9partement 53 et 72<\/span><\/h4>\n<table border=\"0\" align=\"left\">\n<tbody>\n<tr>\n<td>\n<p style=\"text-align: center;\"><a href=\"https:\/\/www.ffmc72.fr\/site\/wp-content\/uploads\/2015\/06\/Mutuelle.png\"><img loading=\"lazy\" decoding=\"async\" src=\"https:\/\/www.ffmc72.fr\/site\/wp-content\/uploads\/2015\/06\/Mutuelle.png\" alt=\"Mutuelle\" width=\"250\" height=\"71\" \/><\/a><\/p>\n<\/td>\n<td>Michel BRUNET<\/td>\n<td>06 79 08 01 17<\/td>\n<td><a href=\"mailto:michel.brunet@amdm.fr\" target=\"_blank\" rel=\"noopener\"><span class=\"gmail-il\">michel.brunet@amdm.fr<\/span><\/a><\/td>\n<\/tr>\n<\/tbody>\n<\/table>\n","protected":false},"excerpt":{"rendered":"<p>Voici le bureau de votre F\u00e9d\u00e9 Contacts FFMC72 Conseil d\u2019administration et Bureau de la FFMC72\u00a0 Relation Presse &amp; M\u00e9dia :\u00a0 ffmc72@gmail.com Webmaster : webmaster@ffmc72.fr Rudy GUILLEMOT Coordinateur Infrastructures Facebook Alain BAUSSAN Secr\u00e9taire Administration Infrastructures \u00a0 Fabrice TELLIER Tr\u00e9sorier Gestion des Adh\u00e9sions Fr\u00e9d\u00e9ric LECANU Responsable ERJ Damien MARIS Charg\u00e9 de s\u00e9curit\u00e9 Infrastructures Olivier LERAT Commission de la ville Infrastructures \u00a0<\/p>\n<p class=\"continue-reading-button\"> <a class=\"continue-reading-link\" href=\"https:\/\/www.ffmc72.fr\/site\/bureau\/\">Continuer \u00e0 lire<i class=\"crycon-right-dir\"><\/i><\/a><\/p>\n","protected":false},"author":1,"featured_media":1128,"parent":0,"menu_order":0,"comment_status":"closed","ping_status":"closed","template":"templates\/template-onecolumn.php","meta":{"footnotes":""},"class_list":["post-693","page","type-page","status-publish","has-post-thumbnail","hentry"],"yoast_head":"<!-- This site is optimized with the Yoast SEO plugin v27.5 - https:\/\/yoast.com\/product\/yoast-seo-wordpress\/ -->\n<title>Bureau - FFMC 72 - F\u00e9d\u00e9ration Fran\u00e7aise des motards en col\u00e8res de la Sarthe - boycott contr\u00f4le technique moto, contre les ZFE, Adherer, nid de poule, infrastructure, action gazoil, consignes casques, 24h du mans, non au CT2RM, FFMC Sarthe, FFMC 72, F.F.M.C, ERJ, Le Mans, FFMC Le Mans, Veille sur les contr\u00f4les syst\u00e9matiques<\/title>\n<meta name=\"robots\" content=\"index, follow, max-snippet:-1, max-image-preview:large, max-video-preview:-1\" \/>\n<link rel=\"canonical\" href=\"https:\/\/www.ffmc72.fr\/site\/bureau\/\" \/>\n<meta property=\"og:locale\" content=\"fr_FR\" \/>\n<meta property=\"og:type\" content=\"article\" \/>\n<meta property=\"og:title\" content=\"Bureau - FFMC 72 - F\u00e9d\u00e9ration Fran\u00e7aise des motards en col\u00e8res de la Sarthe - boycott contr\u00f4le technique moto, contre les ZFE, Adherer, nid de poule, infrastructure, action gazoil, consignes casques, 24h du mans, non au CT2RM, FFMC Sarthe, FFMC 72, F.F.M.C, ERJ, Le Mans, FFMC Le Mans, Veille sur les contr\u00f4les syst\u00e9matiques\" \/>\n<meta property=\"og:description\" content=\"Voici le bureau de votre F\u00e9d\u00e9 Contacts FFMC72 Conseil d\u2019administration et Bureau de la FFMC72\u00a0 Relation Presse &amp; M\u00e9dia :\u00a0 ffmc72@gmail.com Webmaster : webmaster@ffmc72.fr Rudy GUILLEMOT Coordinateur Infrastructures Facebook Alain BAUSSAN Secr\u00e9taire Administration Infrastructures \u00a0 Fabrice TELLIER Tr\u00e9sorier Gestion des Adh\u00e9sions Fr\u00e9d\u00e9ric LECANU Responsable ERJ Damien MARIS Charg\u00e9 de s\u00e9curit\u00e9 Infrastructures Olivier LERAT Commission de la ville Infrastructures \u00a0 Continuer \u00e0 lire\" \/>\n<meta property=\"og:url\" content=\"https:\/\/www.ffmc72.fr\/site\/bureau\/\" \/>\n<meta property=\"og:site_name\" content=\"FFMC 72 - F\u00e9d\u00e9ration Fran\u00e7aise des motards en col\u00e8res de la Sarthe - boycott contr\u00f4le technique moto, contre les ZFE, Adherer, nid de poule, infrastructure, action gazoil, consignes casques, 24h du mans, non au CT2RM, FFMC Sarthe, FFMC 72, F.F.M.C, ERJ, Le Mans, FFMC Le Mans, Veille sur les contr\u00f4les syst\u00e9matiques\" \/>\n<meta property=\"article:publisher\" content=\"https:\/\/www.facebook.com\/ffmc72\" \/>\n<meta property=\"article:modified_time\" content=\"2025-04-05T17:49:10+00:00\" \/>\n<meta property=\"og:image\" content=\"https:\/\/www.ffmc72.fr\/site\/wp-content\/uploads\/2014\/01\/2015_05_Banniere_droite_adh-14338.png\" \/>\n\t<meta property=\"og:image:width\" content=\"217\" \/>\n\t<meta property=\"og:image:height\" content=\"220\" \/>\n\t<meta property=\"og:image:type\" content=\"image\/png\" \/>\n<meta name=\"twitter:card\" content=\"summary_large_image\" \/>\n<meta name=\"twitter:image\" content=\"https:\/\/www.ffmc72.fr\/site\/wp-content\/uploads\/2014\/01\/2015_05_Banniere_droite_adh-14338.png\" \/>\n<meta name=\"twitter:label1\" content=\"Dur\u00e9e de lecture estim\u00e9e\" \/>\n\t<meta name=\"twitter:data1\" content=\"3 minutes\" \/>\n<script type=\"application\/ld+json\" class=\"yoast-schema-graph\">{\"@context\":\"https:\\\/\\\/schema.org\",\"@graph\":[{\"@type\":\"WebPage\",\"@id\":\"https:\\\/\\\/www.ffmc72.fr\\\/site\\\/bureau\\\/\",\"url\":\"https:\\\/\\\/www.ffmc72.fr\\\/site\\\/bureau\\\/\",\"name\":\"Bureau - FFMC 72 - F\u00e9d\u00e9ration Fran\u00e7aise des motards en col\u00e8res de la Sarthe - boycott contr\u00f4le technique moto, contre les ZFE, Adherer, nid de poule, infrastructure, action gazoil, consignes casques, 24h du mans, non au CT2RM, FFMC Sarthe, FFMC 72, F.F.M.C, ERJ, Le Mans, FFMC Le Mans, Veille sur les contr\u00f4les syst\u00e9matiques\",\"isPartOf\":{\"@id\":\"https:\\\/\\\/www.ffmc72.fr\\\/site\\\/#website\"},\"primaryImageOfPage\":{\"@id\":\"https:\\\/\\\/www.ffmc72.fr\\\/site\\\/bureau\\\/#primaryimage\"},\"image\":{\"@id\":\"https:\\\/\\\/www.ffmc72.fr\\\/site\\\/bureau\\\/#primaryimage\"},\"thumbnailUrl\":\"https:\\\/\\\/www.ffmc72.fr\\\/site\\\/wp-content\\\/uploads\\\/2014\\\/01\\\/2015_05_Banniere_droite_adh-14338.png\",\"datePublished\":\"2015-06-10T13:07:01+00:00\",\"dateModified\":\"2025-04-05T17:49:10+00:00\",\"breadcrumb\":{\"@id\":\"https:\\\/\\\/www.ffmc72.fr\\\/site\\\/bureau\\\/#breadcrumb\"},\"inLanguage\":\"fr-FR\",\"potentialAction\":[{\"@type\":\"ReadAction\",\"target\":[\"https:\\\/\\\/www.ffmc72.fr\\\/site\\\/bureau\\\/\"]}]},{\"@type\":\"ImageObject\",\"inLanguage\":\"fr-FR\",\"@id\":\"https:\\\/\\\/www.ffmc72.fr\\\/site\\\/bureau\\\/#primaryimage\",\"url\":\"https:\\\/\\\/www.ffmc72.fr\\\/site\\\/wp-content\\\/uploads\\\/2014\\\/01\\\/2015_05_Banniere_droite_adh-14338.png\",\"contentUrl\":\"https:\\\/\\\/www.ffmc72.fr\\\/site\\\/wp-content\\\/uploads\\\/2014\\\/01\\\/2015_05_Banniere_droite_adh-14338.png\",\"width\":217,\"height\":220},{\"@type\":\"BreadcrumbList\",\"@id\":\"https:\\\/\\\/www.ffmc72.fr\\\/site\\\/bureau\\\/#breadcrumb\",\"itemListElement\":[{\"@type\":\"ListItem\",\"position\":1,\"name\":\"Accueil\",\"item\":\"https:\\\/\\\/www.ffmc72.fr\\\/site\\\/\"},{\"@type\":\"ListItem\",\"position\":2,\"name\":\"Bureau\"}]},{\"@type\":\"WebSite\",\"@id\":\"https:\\\/\\\/www.ffmc72.fr\\\/site\\\/#website\",\"url\":\"https:\\\/\\\/www.ffmc72.fr\\\/site\\\/\",\"name\":\"FFMC 72 - F\u00e9d\u00e9ration Fran\u00e7aise des motards en col\u00e8res de la Sarthe - boycott contr\u00f4le technique moto, contre les ZFE, Adherer, nid de poule, infrastructure, action gazoil, consignes casques, 24h du mans, non au CT2RM, FFMC Sarthe, FFMC 72, F.F.M.C, ERJ, Le Mans, FFMC Le Mans, Veille sur les contr\u00f4les syst\u00e9matiques\",\"description\":\"Plus nombreux, plus fort, rejoint la FFMC\",\"publisher\":{\"@id\":\"https:\\\/\\\/www.ffmc72.fr\\\/site\\\/#organization\"},\"alternateName\":\"FFMC 72\",\"potentialAction\":[{\"@type\":\"SearchAction\",\"target\":{\"@type\":\"EntryPoint\",\"urlTemplate\":\"https:\\\/\\\/www.ffmc72.fr\\\/site\\\/?s={search_term_string}\"},\"query-input\":{\"@type\":\"PropertyValueSpecification\",\"valueRequired\":true,\"valueName\":\"search_term_string\"}}],\"inLanguage\":\"fr-FR\"},{\"@type\":\"Organization\",\"@id\":\"https:\\\/\\\/www.ffmc72.fr\\\/site\\\/#organization\",\"name\":\"FFMC 72\",\"url\":\"https:\\\/\\\/www.ffmc72.fr\\\/site\\\/\",\"logo\":{\"@type\":\"ImageObject\",\"inLanguage\":\"fr-FR\",\"@id\":\"https:\\\/\\\/www.ffmc72.fr\\\/site\\\/#\\\/schema\\\/logo\\\/image\\\/\",\"url\":\"https:\\\/\\\/www.ffmc72.fr\\\/site\\\/wp-content\\\/uploads\\\/2020\\\/05\\\/sticker-partenaire.jpg\",\"contentUrl\":\"https:\\\/\\\/www.ffmc72.fr\\\/site\\\/wp-content\\\/uploads\\\/2020\\\/05\\\/sticker-partenaire.jpg\",\"width\":1024,\"height\":239,\"caption\":\"FFMC 72\"},\"image\":{\"@id\":\"https:\\\/\\\/www.ffmc72.fr\\\/site\\\/#\\\/schema\\\/logo\\\/image\\\/\"},\"sameAs\":[\"https:\\\/\\\/www.facebook.com\\\/ffmc72\"]}]}<\/script>\n<!-- \/ Yoast SEO plugin. -->","yoast_head_json":{"title":"Bureau - FFMC 72 - F\u00e9d\u00e9ration Fran\u00e7aise des motards en col\u00e8res de la Sarthe - boycott contr\u00f4le technique moto, contre les ZFE, Adherer, nid de poule, infrastructure, action gazoil, consignes casques, 24h du mans, non au CT2RM, FFMC Sarthe, FFMC 72, F.F.M.C, ERJ, Le Mans, FFMC Le Mans, Veille sur les contr\u00f4les syst\u00e9matiques","robots":{"index":"index","follow":"follow","max-snippet":"max-snippet:-1","max-image-preview":"max-image-preview:large","max-video-preview":"max-video-preview:-1"},"canonical":"https:\/\/www.ffmc72.fr\/site\/bureau\/","og_locale":"fr_FR","og_type":"article","og_title":"Bureau - FFMC 72 - F\u00e9d\u00e9ration Fran\u00e7aise des motards en col\u00e8res de la Sarthe - boycott contr\u00f4le technique moto, contre les ZFE, Adherer, nid de poule, infrastructure, action gazoil, consignes casques, 24h du mans, non au CT2RM, FFMC Sarthe, FFMC 72, F.F.M.C, ERJ, Le Mans, FFMC Le Mans, Veille sur les contr\u00f4les syst\u00e9matiques","og_description":"Voici le bureau de votre F\u00e9d\u00e9 Contacts FFMC72 Conseil d\u2019administration et Bureau de la FFMC72\u00a0 Relation Presse &amp; M\u00e9dia :\u00a0 ffmc72@gmail.com Webmaster : webmaster@ffmc72.fr Rudy GUILLEMOT Coordinateur Infrastructures Facebook Alain BAUSSAN Secr\u00e9taire Administration Infrastructures \u00a0 Fabrice TELLIER Tr\u00e9sorier Gestion des Adh\u00e9sions Fr\u00e9d\u00e9ric LECANU Responsable ERJ Damien MARIS Charg\u00e9 de s\u00e9curit\u00e9 Infrastructures Olivier LERAT Commission de la ville Infrastructures \u00a0 Continuer \u00e0 lire","og_url":"https:\/\/www.ffmc72.fr\/site\/bureau\/","og_site_name":"FFMC 72 - F\u00e9d\u00e9ration Fran\u00e7aise des motards en col\u00e8res de la Sarthe - boycott contr\u00f4le technique moto, contre les ZFE, Adherer, nid de poule, infrastructure, action gazoil, consignes casques, 24h du mans, non au CT2RM, FFMC Sarthe, FFMC 72, F.F.M.C, ERJ, Le Mans, FFMC Le Mans, Veille sur les contr\u00f4les syst\u00e9matiques","article_publisher":"https:\/\/www.facebook.com\/ffmc72","article_modified_time":"2025-04-05T17:49:10+00:00","og_image":[{"width":217,"height":220,"url":"https:\/\/www.ffmc72.fr\/site\/wp-content\/uploads\/2014\/01\/2015_05_Banniere_droite_adh-14338.png","type":"image\/png"}],"twitter_card":"summary_large_image","twitter_image":"https:\/\/www.ffmc72.fr\/site\/wp-content\/uploads\/2014\/01\/2015_05_Banniere_droite_adh-14338.png","twitter_misc":{"Dur\u00e9e de lecture estim\u00e9e":"3 minutes"},"schema":{"@context":"https:\/\/schema.org","@graph":[{"@type":"WebPage","@id":"https:\/\/www.ffmc72.fr\/site\/bureau\/","url":"https:\/\/www.ffmc72.fr\/site\/bureau\/","name":"Bureau - FFMC 72 - F\u00e9d\u00e9ration Fran\u00e7aise des motards en col\u00e8res de la Sarthe - boycott contr\u00f4le technique moto, contre les ZFE, Adherer, nid de poule, infrastructure, action gazoil, consignes casques, 24h du mans, non au CT2RM, FFMC Sarthe, FFMC 72, F.F.M.C, ERJ, Le Mans, FFMC Le Mans, Veille sur les contr\u00f4les syst\u00e9matiques","isPartOf":{"@id":"https:\/\/www.ffmc72.fr\/site\/#website"},"primaryImageOfPage":{"@id":"https:\/\/www.ffmc72.fr\/site\/bureau\/#primaryimage"},"image":{"@id":"https:\/\/www.ffmc72.fr\/site\/bureau\/#primaryimage"},"thumbnailUrl":"https:\/\/www.ffmc72.fr\/site\/wp-content\/uploads\/2014\/01\/2015_05_Banniere_droite_adh-14338.png","datePublished":"2015-06-10T13:07:01+00:00","dateModified":"2025-04-05T17:49:10+00:00","breadcrumb":{"@id":"https:\/\/www.ffmc72.fr\/site\/bureau\/#breadcrumb"},"inLanguage":"fr-FR","potentialAction":[{"@type":"ReadAction","target":["https:\/\/www.ffmc72.fr\/site\/bureau\/"]}]},{"@type":"ImageObject","inLanguage":"fr-FR","@id":"https:\/\/www.ffmc72.fr\/site\/bureau\/#primaryimage","url":"https:\/\/www.ffmc72.fr\/site\/wp-content\/uploads\/2014\/01\/2015_05_Banniere_droite_adh-14338.png","contentUrl":"https:\/\/www.ffmc72.fr\/site\/wp-content\/uploads\/2014\/01\/2015_05_Banniere_droite_adh-14338.png","width":217,"height":220},{"@type":"BreadcrumbList","@id":"https:\/\/www.ffmc72.fr\/site\/bureau\/#breadcrumb","itemListElement":[{"@type":"ListItem","position":1,"name":"Accueil","item":"https:\/\/www.ffmc72.fr\/site\/"},{"@type":"ListItem","position":2,"name":"Bureau"}]},{"@type":"WebSite","@id":"https:\/\/www.ffmc72.fr\/site\/#website","url":"https:\/\/www.ffmc72.fr\/site\/","name":"FFMC 72 - F\u00e9d\u00e9ration Fran\u00e7aise des motards en col\u00e8res de la Sarthe - boycott contr\u00f4le technique moto, contre les ZFE, Adherer, nid de poule, infrastructure, action gazoil, consignes casques, 24h du mans, non au CT2RM, FFMC Sarthe, FFMC 72, F.F.M.C, ERJ, Le Mans, FFMC Le Mans, Veille sur les contr\u00f4les syst\u00e9matiques","description":"Plus nombreux, plus fort, rejoint la FFMC","publisher":{"@id":"https:\/\/www.ffmc72.fr\/site\/#organization"},"alternateName":"FFMC 72","potentialAction":[{"@type":"SearchAction","target":{"@type":"EntryPoint","urlTemplate":"https:\/\/www.ffmc72.fr\/site\/?s={search_term_string}"},"query-input":{"@type":"PropertyValueSpecification","valueRequired":true,"valueName":"search_term_string"}}],"inLanguage":"fr-FR"},{"@type":"Organization","@id":"https:\/\/www.ffmc72.fr\/site\/#organization","name":"FFMC 72","url":"https:\/\/www.ffmc72.fr\/site\/","logo":{"@type":"ImageObject","inLanguage":"fr-FR","@id":"https:\/\/www.ffmc72.fr\/site\/#\/schema\/logo\/image\/","url":"https:\/\/www.ffmc72.fr\/site\/wp-content\/uploads\/2020\/05\/sticker-partenaire.jpg","contentUrl":"https:\/\/www.ffmc72.fr\/site\/wp-content\/uploads\/2020\/05\/sticker-partenaire.jpg","width":1024,"height":239,"caption":"FFMC 72"},"image":{"@id":"https:\/\/www.ffmc72.fr\/site\/#\/schema\/logo\/image\/"},"sameAs":["https:\/\/www.facebook.com\/ffmc72"]}]}},"_links":{"self":[{"href":"https:\/\/www.ffmc72.fr\/site\/wp-json\/wp\/v2\/pages\/693","targetHints":{"allow":["GET"]}}],"collection":[{"href":"https:\/\/www.ffmc72.fr\/site\/wp-json\/wp\/v2\/pages"}],"about":[{"href":"https:\/\/www.ffmc72.fr\/site\/wp-json\/wp\/v2\/types\/page"}],"author":[{"embeddable":true,"href":"https:\/\/www.ffmc72.fr\/site\/wp-json\/wp\/v2\/users\/1"}],"replies":[{"embeddable":true,"href":"https:\/\/www.ffmc72.fr\/site\/wp-json\/wp\/v2\/comments?post=693"}],"version-history":[{"count":84,"href":"https:\/\/www.ffmc72.fr\/site\/wp-json\/wp\/v2\/pages\/693\/revisions"}],"predecessor-version":[{"id":2730,"href":"https:\/\/www.ffmc72.fr\/site\/wp-json\/wp\/v2\/pages\/693\/revisions\/2730"}],"wp:featuredmedia":[{"embeddable":true,"href":"https:\/\/www.ffmc72.fr\/site\/wp-json\/wp\/v2\/media\/1128"}],"wp:attachment":[{"href":"https:\/\/www.ffmc72.fr\/site\/wp-json\/wp\/v2\/media?parent=693"}],"curies":[{"name":"wp","href":"https:\/\/api.w.org\/{rel}","templated":true}]}}