{"id":19,"date":"2014-01-17T15:26:25","date_gmt":"2014-01-17T14:26:25","guid":{"rendered":"http:\/\/ffmc72.fr\/site\/?page_id=19"},"modified":"2026-01-06T15:56:36","modified_gmt":"2026-01-06T14:56:36","slug":"adhesion","status":"publish","type":"page","link":"https:\/\/www.ffmc72.fr\/site\/adhesion\/","title":{"rendered":"Adh\u00e9sion"},"content":{"rendered":"<div>\n<p><a href=\"https:\/\/www.ffmc72.fr\/site\/wp-content\/uploads\/2014\/01\/2015_05_Banniere_droite_adh-14338.png\"><img loading=\"lazy\" decoding=\"async\" class=\"aligncenter size-full wp-image-1128\" src=\"https:\/\/www.ffmc72.fr\/site\/wp-content\/uploads\/2014\/01\/2015_05_Banniere_droite_adh-14338.png\" alt=\"2015_05_Banniere_droite_adh-14338\" width=\"217\" height=\"220\" \/><\/a><\/p>\n<p align=\"center\">Pour d\u00e9fendre vos droits, nous avons besoin de votre soutien.<\/p>\n<\/div>\n<p><a href=\"https:\/\/www.ffmc72.fr\/site\/wp-content\/uploads\/2014\/01\/af1.jpg\"><img loading=\"lazy\" decoding=\"async\" class=\"size-medium wp-image-20 aligncenter\" src=\"https:\/\/www.ffmc72.fr\/site\/wp-content\/uploads\/2014\/01\/af1-211x300.jpg\" alt=\"af1\" width=\"211\" height=\"300\" srcset=\"https:\/\/www.ffmc72.fr\/site\/wp-content\/uploads\/2014\/01\/af1-211x300.jpg 211w, https:\/\/www.ffmc72.fr\/site\/wp-content\/uploads\/2014\/01\/af1-722x1024.jpg 722w, https:\/\/www.ffmc72.fr\/site\/wp-content\/uploads\/2014\/01\/af1-700x991.jpg 700w, https:\/\/www.ffmc72.fr\/site\/wp-content\/uploads\/2014\/01\/af1.jpg 847w\" sizes=\"auto, (max-width: 211px) 100vw, 211px\" \/><\/a><\/p>\n<h1 style=\"text-align: center;\"><strong>Adh\u00e9sion (42\u20ac mini) et dons :\u00a0<\/strong><\/h1>\n<ul>\n<li>Adh\u00e9sion \u00e0 l&rsquo;antenne FFMC72 \u00a0(\u00e0 imprimer et \u00e0 nous retourner) :\u00a0<a title=\"Adh\u00e9sion \u00e0 t\u00e9l\u00e9charger\" href=\"https:\/\/www.ffmc72.fr\/site\/wp-content\/uploads\/2025\/12\/2026_bulletin_adhesion__qr-code.pdf\" target=\"_blank\" rel=\"noopener noreferrer\">Bulletin d&rsquo;adhesion<\/a><\/li>\n<li>Adh\u00e9sion en ligne: <a title=\"Adh\u00e9sion en ligne via FFMC nationale\" href=\"https:\/\/ffmc.asso.fr\/adherer-pour-2025-42-eur-pour\" target=\"_blank\" rel=\"noopener noreferrer\">Adh\u00e9sion en ligne<\/a><\/li>\n<li>Adh\u00e9sion \u00e0 la FFMC nationale (\u00e0 t\u00e9l\u00e9charger) : <a title=\"Acc\u00e8s adh\u00e9sion FFMC nationale\" href=\"https:\/\/ffmc.asso.fr\/adherer-pour-2025-42-eur-pour\" target=\"_blank\" rel=\"noopener noreferrer\">Acc\u00e8s \u00e0 la FFMC Nationale<\/a><\/li>\n<li>Nous soutenir par un don : <a href=\"https:\/\/www.helloasso.com\/associations\/federation-francaise-des-motards-en-colere\">https:\/\/www.helloasso.com\/associations\/federation-francaise-des-motards-en-colere<\/a><\/li>\n<\/ul>\n<h1 style=\"text-align: center;\" data-path-to-node=\"4,0\"><b data-path-to-node=\"4,0\" data-index-in-node=\"0\">Nouveaut\u00e9 2026 : L&rsquo;adh\u00e9sion \u00ab\u00a0Couple\u00a0\u00bb<\/b><\/h1>\n<p data-path-to-node=\"4,1\">\u00c0 partir de 2026,<br \/>\nnous proposons un tarif sp\u00e9cifique pour les adh\u00e9sions en couple : <b data-path-to-node=\"4,1\" data-index-in-node=\"84\">70 \u20ac minimum<\/b> pour deux adh\u00e9rents \u00e0 la FFMC 72.<\/p>\n<p data-path-to-node=\"4,2\"><b data-path-to-node=\"4,2\" data-index-in-node=\"0\">Pourquoi ce tarif ?<\/b><br \/>\nC&rsquo;est tr\u00e8s simple : cela correspond \u00e0 l&rsquo;adh\u00e9sion compl\u00e8te d&rsquo;un membre (42 \u20ac) + la part nationale seule du second membre (28 \u20ac).<\/p>\n<p data-path-to-node=\"4,3\"><b data-path-to-node=\"4,3\" data-index-in-node=\"0\">\u26a0\ufe0f Attention, proc\u00e9dure sp\u00e9cifique :<\/b><br \/>\n<strong>Ce tarif ne concerne que la FFMC 72<\/strong>. Le site d&rsquo;adh\u00e9sion national ne g\u00e9rant pas ce cas particulier, <b data-path-to-node=\"4,3\" data-index-in-node=\"136\">vous devez obligatoirement adh\u00e9rer via le bulletin papier<\/b>.<\/p>\n<p style=\"text-align: left;\" data-path-to-node=\"4,4\">Vous pouvez nous remettre ce bulletin (accompagn\u00e9 du r\u00e8glement) lors de l&rsquo;Assembl\u00e9e G\u00e9n\u00e9rale, en r\u00e9union mensuelle, ou nous l&rsquo;envoyer par courrier <strong>\u00e0 l&rsquo;adresse suivante<\/strong> :<\/p>\n<p style=\"text-align: center;\" data-path-to-node=\"4,4\">FFMC 72<br \/>\nMaison des associations<br \/>\n4 Rue d&rsquo;Arcole<br \/>\n72000 Le Mans<\/p>\n<p data-path-to-node=\"4,4\">\n<p data-path-to-node=\"4,4\"><b data-path-to-node=\"4,5\" data-index-in-node=\"0\">Un des deux a d\u00e9j\u00e0 adh\u00e9r\u00e9 pour 2026 ?<\/b> Pas de probl\u00e8me. Envoyez le bulletin papier pour le second membre avec la mention du num\u00e9ro d&rsquo;adh\u00e9rent du premier. Vous ne r\u00e8glerez alors que le compl\u00e9ment (soit la part nationale de 28 \u20ac).<\/p>\n<p data-path-to-node=\"4,5\">\n<p data-path-to-node=\"4,5\">\n<p data-path-to-node=\"4,5\">\n<h2 style=\"text-align: center;\"><strong>Adh\u00e9rer, \u00e7a apporte quoi ?<\/strong><\/h2>\n<ol>\n<li><strong>La possibilit\u00e9 de s\u2019organiser et d\u2019agir pour se d\u00e9fendre et d\u00e9fendre sa passion<\/strong>. On ne peut rien lorsqu\u2019on\u00a0est isol\u00e9. Une association, et plus encore une f\u00e9d\u00e9ration, a davantage de poids pour faire avancer les\u00a0choses.<\/li>\n<li><strong>La possibilit\u00e9 d\u2019\u00eatre inform\u00e9 et d\u2019informer les autres.<\/strong> \u00catre inform\u00e9, conna\u00eetre ses droits, partager les\u00a0exp\u00e9riences des autres, permet de mieux se d\u00e9fendre ; \u00eatre inform\u00e9 c\u2019est \u00e9galement pouvoir participer aux\u00a0actions.<\/li>\n<li><strong>La possibilit\u00e9 de participer \u00e0 un mouvement<\/strong> qui, au del\u00e0 de la FFMC elle-m\u00eame, comporte une assurance mutuelle, une association de formation, une branche loisirs, des \u00e9ditions, une commission qui travaille sur la probl\u00e9matique du vol moto, une commission juridique\u2026<\/li>\n<li><strong>L\u2019adh\u00e9sion \u00e0 une f\u00e9d\u00e9ration motarde europ\u00e9enne,<\/strong> la FEMA, F\u00e9d\u00e9ration Europ\u00e9enne des Associations\u00a0Motocyclistes, dont la FFMC est un des membres fondateurs, c\u2019est \u00e0 dire un moyen de peser sur les\u00a0d\u00e9cisions prises au Parlement Europ\u00e9en et de faire avancer les droits des motards face aux int\u00e9r\u00eats\u00a0financiers supranationaux.<\/li>\n<li><strong>La preuve que l\u2019esprit motard existe encore :<\/strong> m\u00eame au 21\u00e8me si\u00e8cle, des hommes et des femmes se\u00a0regroupent pour faire vivre la solidarit\u00e9 sans discrimination sociale ou raciale, et agissent pour que la\u00a0responsabilisation et la tol\u00e9rance prennent le pas sur l\u2019arbitraire et la r\u00e9pression !<\/li>\n<\/ol>\n<p>Dans ce monde o\u00f9 tout est soumis \u00e0 la loi de l\u2018argent, il faut que chacun donne un peu de son temps et\u00a0contribue financi\u00e8rement \u00e0 faire vivre la FFMC .<\/p>\n<h2 style=\"text-align: center;\"><strong>Verser une cotisation, pour quoi faire ?<\/strong><\/h2>\n<ol>\n<li><strong>Permettre la communication de la FFMC<\/strong> car une f\u00e9d\u00e9ration qui serait condamn\u00e9e au silence par\u00a0manque de moyens ne servirait plus \u00e0 rien. Communication, \u00e7a veut dire quoi ? Donner le maximum d\u2019infos\u00a0aux antennes d\u00e9partementales. Envoyer des infos directement aux adh\u00e9rents. Communiquer vers les\u00a0grands m\u00e9dia. Faire des propositions aux pouvoirs publics. Participer \u00e0 des r\u00e9unions.<\/li>\n<li><strong>Donner \u00e0 la FFMC les moyens de garder son ind\u00e9pendance et sa libert\u00e9 d\u2018action<\/strong>. Une f\u00e9d\u00e9ration dont\u00a0le fonctionnement est subventionn\u00e9 n\u2019a plus qu\u2019\u00e0 ob\u00e9ir aux g\u00e9n\u00e9reux m\u00e9c\u00e8nes ! Alors, ce ne sont plus les\u00a0droits des motards qui priment !<br \/>\nAdh\u00e9rer \u00e0 la FFMC, c\u2019est lui permettre de continuer d\u2019exister sans\u00a0d\u00e9pendre d\u2019un quelconque pouvoir politique ou financier. L\u2019ind\u00e9pendance a un avantage : celui de ne pas\u00a0\u00eatre musel\u00e9.<br \/>\nPar contre, elle a un prix : chaque adh\u00e9rent doit se sentir partie prenante et contribuer \u00e0\u00a0d\u00e9fendre sa f\u00e9d\u00e9ration. <strong>42 \u20ac par an<\/strong>, cela peut para\u00eetre beaucoup mais ce n\u2019est que 0.104 \u20ac par jour. Pour\u00a0rester libre, \u00e7a vaut le coup ! Sur ces 42 \u20ac, 13,70 \u20ac vont \u00e0 l\u2019antenne d\u00e9partementale, 1,45 \u20ac \u00e0 la FEMA,\u00a025,85 \u20ac \u00e0 la FFMC nationale.<\/li>\n<li><strong>Permettre la vie d\u00e9mocratique de la FFMC<\/strong> : si l\u2019on veut mener des actions efficaces, il faut d\u00e9cider\u00a0ensemble des orientations de la f\u00e9d\u00e9ration. La d\u00e9mocratie a un co\u00fbt : celui de l\u2019organisation de r\u00e9unions et\u00a0de la diffusion des d\u00e9cisions prises.<br \/>\n400 motards participent chaque ann\u00e9e aux Assises du mouvement\u00a0FFMC lors du week-end de Pentec\u00f4te et 150 motards pr\u00e9parent ce grand rendez-vous lors de journ\u00e9es de\u00a0travail fin novembre.<\/li>\n<li><strong>Agir sur le terrain,<\/strong> que ce soit en organisant une manif quand l\u2019actualit\u00e9 le n\u00e9cessite ou des actions\u00a0quotidiennes (p\u00e9titions, lettres aux \u00e9lus\u2026)<\/li>\n<\/ol>\n<p><a href=\"https:\/\/www.ffmc72.fr\/site\/wp-content\/uploads\/2014\/01\/af2.png\"><img loading=\"lazy\" decoding=\"async\" class=\"size-medium wp-image-21 aligncenter\" src=\"https:\/\/www.ffmc72.fr\/site\/wp-content\/uploads\/2014\/01\/af2-269x300.png\" alt=\"af2\" width=\"269\" height=\"300\" srcset=\"https:\/\/www.ffmc72.fr\/site\/wp-content\/uploads\/2014\/01\/af2-269x300.png 269w, https:\/\/www.ffmc72.fr\/site\/wp-content\/uploads\/2014\/01\/af2.png 327w\" sizes=\"auto, (max-width: 269px) 100vw, 269px\" \/><\/a><\/p>\n","protected":false},"excerpt":{"rendered":"<p>Pour d\u00e9fendre vos droits, nous avons besoin de votre soutien. Adh\u00e9sion (42\u20ac mini) et dons :\u00a0 Adh\u00e9sion \u00e0 l&rsquo;antenne FFMC72 \u00a0(\u00e0 imprimer et \u00e0 nous retourner) :\u00a0Bulletin d&rsquo;adhesion Adh\u00e9sion en ligne: Adh\u00e9sion en ligne Adh\u00e9sion \u00e0 la FFMC nationale (\u00e0 t\u00e9l\u00e9charger) : Acc\u00e8s \u00e0 la FFMC Nationale Nous soutenir par un don : https:\/\/www.helloasso.com\/associations\/federation-francaise-des-motards-en-colere Nouveaut\u00e9 2026 : L&rsquo;adh\u00e9sion \u00ab\u00a0Couple\u00a0\u00bb \u00c0 partir de 2026, nous proposons un tarif sp\u00e9cifique pour les adh\u00e9sions en couple : 70 \u20ac minimum pour deux adh\u00e9rents \u00e0 la FFMC 72. Pourquoi ce tarif ? C&rsquo;est tr\u00e8s simple : cela correspond \u00e0 l&rsquo;adh\u00e9sion compl\u00e8te d&rsquo;un membre (42&#8230;<\/p>\n<p class=\"continue-reading-button\"> <a class=\"continue-reading-link\" href=\"https:\/\/www.ffmc72.fr\/site\/adhesion\/\">Continuer \u00e0 lire<i class=\"crycon-right-dir\"><\/i><\/a><\/p>\n","protected":false},"author":1,"featured_media":21,"parent":0,"menu_order":8,"comment_status":"closed","ping_status":"open","template":"","meta":{"footnotes":""},"class_list":["post-19","page","type-page","status-publish","has-post-thumbnail","hentry"],"yoast_head":"<!-- This site is optimized with the Yoast SEO plugin v27.4 - https:\/\/yoast.com\/product\/yoast-seo-wordpress\/ -->\n<title>Adh\u00e9sion - FFMC 72 - F\u00e9d\u00e9ration Fran\u00e7aise des motards en col\u00e8res de la Sarthe - boycott contr\u00f4le technique moto, contre les ZFE, Adherer, nid de poule, infrastructure, action gazoil, consignes casques, 24h du mans, non au CT2RM, FFMC Sarthe, FFMC 72, F.F.M.C, ERJ, Le Mans, FFMC Le Mans, Veille sur les contr\u00f4les syst\u00e9matiques<\/title>\n<meta name=\"robots\" content=\"index, follow, max-snippet:-1, max-image-preview:large, max-video-preview:-1\" \/>\n<link rel=\"canonical\" href=\"https:\/\/www.ffmc72.fr\/site\/adhesion\/\" \/>\n<meta property=\"og:locale\" content=\"fr_FR\" \/>\n<meta property=\"og:type\" content=\"article\" \/>\n<meta property=\"og:title\" content=\"J&#039;adh\u00e8re \u00e0 la FFMC 72\" \/>\n<meta property=\"og:description\" content=\"Pour d\u00e9fendre vos droits, nous avons besoin de votre soutiens. J&#039;adh\u00e8re \u00e0 la FFMC 72.\" \/>\n<meta property=\"og:url\" content=\"https:\/\/www.ffmc72.fr\/site\/adhesion\/\" \/>\n<meta property=\"og:site_name\" content=\"FFMC 72 - F\u00e9d\u00e9ration Fran\u00e7aise des motards en col\u00e8res de la Sarthe - boycott contr\u00f4le technique moto, contre les ZFE, Adherer, nid de poule, infrastructure, action gazoil, consignes casques, 24h du mans, non au CT2RM, FFMC Sarthe, FFMC 72, F.F.M.C, ERJ, Le Mans, FFMC Le Mans, Veille sur les contr\u00f4les syst\u00e9matiques\" \/>\n<meta property=\"article:publisher\" content=\"https:\/\/www.facebook.com\/ffmc72\" \/>\n<meta property=\"article:modified_time\" content=\"2026-01-06T14:56:36+00:00\" \/>\n<meta property=\"og:image\" content=\"https:\/\/www.ffmc72.fr\/site\/wp-content\/uploads\/2014\/01\/af2.png\" \/>\n\t<meta property=\"og:image:width\" content=\"327\" \/>\n\t<meta property=\"og:image:height\" content=\"364\" \/>\n\t<meta property=\"og:image:type\" content=\"image\/png\" \/>\n<meta name=\"twitter:card\" content=\"summary_large_image\" \/>\n<meta name=\"twitter:title\" content=\"J&#039;adh\u00e8re \u00e0 la FFMC 72\" \/>\n<meta name=\"twitter:description\" content=\"Pour d\u00e9fendre vos droits, nous avons besoin de votre soutiens. J&#039;adh\u00e8re \u00e0 la FFMC 72.\" \/>\n<meta name=\"twitter:image\" content=\"https:\/\/www.ffmc72.fr\/site\/wp-content\/uploads\/2014\/01\/af2.png\" \/>\n<meta name=\"twitter:label1\" content=\"Dur\u00e9e de lecture estim\u00e9e\" \/>\n\t<meta name=\"twitter:data1\" content=\"5 minutes\" \/>\n<script type=\"application\/ld+json\" class=\"yoast-schema-graph\">{\"@context\":\"https:\\\/\\\/schema.org\",\"@graph\":[{\"@type\":\"WebPage\",\"@id\":\"https:\\\/\\\/www.ffmc72.fr\\\/site\\\/adhesion\\\/\",\"url\":\"https:\\\/\\\/www.ffmc72.fr\\\/site\\\/adhesion\\\/\",\"name\":\"Adh\u00e9sion - FFMC 72 - F\u00e9d\u00e9ration Fran\u00e7aise des motards en col\u00e8res de la Sarthe - boycott contr\u00f4le technique moto, contre les ZFE, Adherer, nid de poule, infrastructure, action gazoil, consignes casques, 24h du mans, non au CT2RM, FFMC Sarthe, FFMC 72, F.F.M.C, ERJ, Le Mans, FFMC Le Mans, Veille sur les contr\u00f4les syst\u00e9matiques\",\"isPartOf\":{\"@id\":\"https:\\\/\\\/www.ffmc72.fr\\\/site\\\/#website\"},\"primaryImageOfPage\":{\"@id\":\"https:\\\/\\\/www.ffmc72.fr\\\/site\\\/adhesion\\\/#primaryimage\"},\"image\":{\"@id\":\"https:\\\/\\\/www.ffmc72.fr\\\/site\\\/adhesion\\\/#primaryimage\"},\"thumbnailUrl\":\"https:\\\/\\\/www.ffmc72.fr\\\/site\\\/wp-content\\\/uploads\\\/2014\\\/01\\\/af2.png\",\"datePublished\":\"2014-01-17T14:26:25+00:00\",\"dateModified\":\"2026-01-06T14:56:36+00:00\",\"breadcrumb\":{\"@id\":\"https:\\\/\\\/www.ffmc72.fr\\\/site\\\/adhesion\\\/#breadcrumb\"},\"inLanguage\":\"fr-FR\",\"potentialAction\":[{\"@type\":\"ReadAction\",\"target\":[\"https:\\\/\\\/www.ffmc72.fr\\\/site\\\/adhesion\\\/\"]}]},{\"@type\":\"ImageObject\",\"inLanguage\":\"fr-FR\",\"@id\":\"https:\\\/\\\/www.ffmc72.fr\\\/site\\\/adhesion\\\/#primaryimage\",\"url\":\"https:\\\/\\\/www.ffmc72.fr\\\/site\\\/wp-content\\\/uploads\\\/2014\\\/01\\\/af2.png\",\"contentUrl\":\"https:\\\/\\\/www.ffmc72.fr\\\/site\\\/wp-content\\\/uploads\\\/2014\\\/01\\\/af2.png\",\"width\":327,\"height\":364},{\"@type\":\"BreadcrumbList\",\"@id\":\"https:\\\/\\\/www.ffmc72.fr\\\/site\\\/adhesion\\\/#breadcrumb\",\"itemListElement\":[{\"@type\":\"ListItem\",\"position\":1,\"name\":\"Accueil\",\"item\":\"https:\\\/\\\/www.ffmc72.fr\\\/site\\\/\"},{\"@type\":\"ListItem\",\"position\":2,\"name\":\"Adh\u00e9sion\"}]},{\"@type\":\"WebSite\",\"@id\":\"https:\\\/\\\/www.ffmc72.fr\\\/site\\\/#website\",\"url\":\"https:\\\/\\\/www.ffmc72.fr\\\/site\\\/\",\"name\":\"FFMC 72 - F\u00e9d\u00e9ration Fran\u00e7aise des motards en col\u00e8res de la Sarthe - boycott contr\u00f4le technique moto, contre les ZFE, Adherer, nid de poule, infrastructure, action gazoil, consignes casques, 24h du mans, non au CT2RM, FFMC Sarthe, FFMC 72, F.F.M.C, ERJ, Le Mans, FFMC Le Mans, Veille sur les contr\u00f4les syst\u00e9matiques\",\"description\":\"Plus nombreux, plus fort, rejoint la FFMC\",\"publisher\":{\"@id\":\"https:\\\/\\\/www.ffmc72.fr\\\/site\\\/#organization\"},\"alternateName\":\"FFMC 72\",\"potentialAction\":[{\"@type\":\"SearchAction\",\"target\":{\"@type\":\"EntryPoint\",\"urlTemplate\":\"https:\\\/\\\/www.ffmc72.fr\\\/site\\\/?s={search_term_string}\"},\"query-input\":{\"@type\":\"PropertyValueSpecification\",\"valueRequired\":true,\"valueName\":\"search_term_string\"}}],\"inLanguage\":\"fr-FR\"},{\"@type\":\"Organization\",\"@id\":\"https:\\\/\\\/www.ffmc72.fr\\\/site\\\/#organization\",\"name\":\"FFMC 72\",\"url\":\"https:\\\/\\\/www.ffmc72.fr\\\/site\\\/\",\"logo\":{\"@type\":\"ImageObject\",\"inLanguage\":\"fr-FR\",\"@id\":\"https:\\\/\\\/www.ffmc72.fr\\\/site\\\/#\\\/schema\\\/logo\\\/image\\\/\",\"url\":\"https:\\\/\\\/www.ffmc72.fr\\\/site\\\/wp-content\\\/uploads\\\/2020\\\/05\\\/sticker-partenaire.jpg\",\"contentUrl\":\"https:\\\/\\\/www.ffmc72.fr\\\/site\\\/wp-content\\\/uploads\\\/2020\\\/05\\\/sticker-partenaire.jpg\",\"width\":1024,\"height\":239,\"caption\":\"FFMC 72\"},\"image\":{\"@id\":\"https:\\\/\\\/www.ffmc72.fr\\\/site\\\/#\\\/schema\\\/logo\\\/image\\\/\"},\"sameAs\":[\"https:\\\/\\\/www.facebook.com\\\/ffmc72\"]}]}<\/script>\n<!-- \/ Yoast SEO plugin. -->","yoast_head_json":{"title":"Adh\u00e9sion - FFMC 72 - F\u00e9d\u00e9ration Fran\u00e7aise des motards en col\u00e8res de la Sarthe - boycott contr\u00f4le technique moto, contre les ZFE, Adherer, nid de poule, infrastructure, action gazoil, consignes casques, 24h du mans, non au CT2RM, FFMC Sarthe, FFMC 72, F.F.M.C, ERJ, Le Mans, FFMC Le Mans, Veille sur les contr\u00f4les syst\u00e9matiques","robots":{"index":"index","follow":"follow","max-snippet":"max-snippet:-1","max-image-preview":"max-image-preview:large","max-video-preview":"max-video-preview:-1"},"canonical":"https:\/\/www.ffmc72.fr\/site\/adhesion\/","og_locale":"fr_FR","og_type":"article","og_title":"J'adh\u00e8re \u00e0 la FFMC 72","og_description":"Pour d\u00e9fendre vos droits, nous avons besoin de votre soutiens. J'adh\u00e8re \u00e0 la FFMC 72.","og_url":"https:\/\/www.ffmc72.fr\/site\/adhesion\/","og_site_name":"FFMC 72 - F\u00e9d\u00e9ration Fran\u00e7aise des motards en col\u00e8res de la Sarthe - boycott contr\u00f4le technique moto, contre les ZFE, Adherer, nid de poule, infrastructure, action gazoil, consignes casques, 24h du mans, non au CT2RM, FFMC Sarthe, FFMC 72, F.F.M.C, ERJ, Le Mans, FFMC Le Mans, Veille sur les contr\u00f4les syst\u00e9matiques","article_publisher":"https:\/\/www.facebook.com\/ffmc72","article_modified_time":"2026-01-06T14:56:36+00:00","og_image":[{"width":327,"height":364,"url":"https:\/\/www.ffmc72.fr\/site\/wp-content\/uploads\/2014\/01\/af2.png","type":"image\/png"}],"twitter_card":"summary_large_image","twitter_title":"J'adh\u00e8re \u00e0 la FFMC 72","twitter_description":"Pour d\u00e9fendre vos droits, nous avons besoin de votre soutiens. J'adh\u00e8re \u00e0 la FFMC 72.","twitter_image":"https:\/\/www.ffmc72.fr\/site\/wp-content\/uploads\/2014\/01\/af2.png","twitter_misc":{"Dur\u00e9e de lecture estim\u00e9e":"5 minutes"},"schema":{"@context":"https:\/\/schema.org","@graph":[{"@type":"WebPage","@id":"https:\/\/www.ffmc72.fr\/site\/adhesion\/","url":"https:\/\/www.ffmc72.fr\/site\/adhesion\/","name":"Adh\u00e9sion - FFMC 72 - F\u00e9d\u00e9ration Fran\u00e7aise des motards en col\u00e8res de la Sarthe - boycott contr\u00f4le technique moto, contre les ZFE, Adherer, nid de poule, infrastructure, action gazoil, consignes casques, 24h du mans, non au CT2RM, FFMC Sarthe, FFMC 72, F.F.M.C, ERJ, Le Mans, FFMC Le Mans, Veille sur les contr\u00f4les syst\u00e9matiques","isPartOf":{"@id":"https:\/\/www.ffmc72.fr\/site\/#website"},"primaryImageOfPage":{"@id":"https:\/\/www.ffmc72.fr\/site\/adhesion\/#primaryimage"},"image":{"@id":"https:\/\/www.ffmc72.fr\/site\/adhesion\/#primaryimage"},"thumbnailUrl":"https:\/\/www.ffmc72.fr\/site\/wp-content\/uploads\/2014\/01\/af2.png","datePublished":"2014-01-17T14:26:25+00:00","dateModified":"2026-01-06T14:56:36+00:00","breadcrumb":{"@id":"https:\/\/www.ffmc72.fr\/site\/adhesion\/#breadcrumb"},"inLanguage":"fr-FR","potentialAction":[{"@type":"ReadAction","target":["https:\/\/www.ffmc72.fr\/site\/adhesion\/"]}]},{"@type":"ImageObject","inLanguage":"fr-FR","@id":"https:\/\/www.ffmc72.fr\/site\/adhesion\/#primaryimage","url":"https:\/\/www.ffmc72.fr\/site\/wp-content\/uploads\/2014\/01\/af2.png","contentUrl":"https:\/\/www.ffmc72.fr\/site\/wp-content\/uploads\/2014\/01\/af2.png","width":327,"height":364},{"@type":"BreadcrumbList","@id":"https:\/\/www.ffmc72.fr\/site\/adhesion\/#breadcrumb","itemListElement":[{"@type":"ListItem","position":1,"name":"Accueil","item":"https:\/\/www.ffmc72.fr\/site\/"},{"@type":"ListItem","position":2,"name":"Adh\u00e9sion"}]},{"@type":"WebSite","@id":"https:\/\/www.ffmc72.fr\/site\/#website","url":"https:\/\/www.ffmc72.fr\/site\/","name":"FFMC 72 - F\u00e9d\u00e9ration Fran\u00e7aise des motards en col\u00e8res de la Sarthe - boycott contr\u00f4le technique moto, contre les ZFE, Adherer, nid de poule, infrastructure, action gazoil, consignes casques, 24h du mans, non au CT2RM, FFMC Sarthe, FFMC 72, F.F.M.C, ERJ, Le Mans, FFMC Le Mans, Veille sur les contr\u00f4les syst\u00e9matiques","description":"Plus nombreux, plus fort, rejoint la FFMC","publisher":{"@id":"https:\/\/www.ffmc72.fr\/site\/#organization"},"alternateName":"FFMC 72","potentialAction":[{"@type":"SearchAction","target":{"@type":"EntryPoint","urlTemplate":"https:\/\/www.ffmc72.fr\/site\/?s={search_term_string}"},"query-input":{"@type":"PropertyValueSpecification","valueRequired":true,"valueName":"search_term_string"}}],"inLanguage":"fr-FR"},{"@type":"Organization","@id":"https:\/\/www.ffmc72.fr\/site\/#organization","name":"FFMC 72","url":"https:\/\/www.ffmc72.fr\/site\/","logo":{"@type":"ImageObject","inLanguage":"fr-FR","@id":"https:\/\/www.ffmc72.fr\/site\/#\/schema\/logo\/image\/","url":"https:\/\/www.ffmc72.fr\/site\/wp-content\/uploads\/2020\/05\/sticker-partenaire.jpg","contentUrl":"https:\/\/www.ffmc72.fr\/site\/wp-content\/uploads\/2020\/05\/sticker-partenaire.jpg","width":1024,"height":239,"caption":"FFMC 72"},"image":{"@id":"https:\/\/www.ffmc72.fr\/site\/#\/schema\/logo\/image\/"},"sameAs":["https:\/\/www.facebook.com\/ffmc72"]}]}},"_links":{"self":[{"href":"https:\/\/www.ffmc72.fr\/site\/wp-json\/wp\/v2\/pages\/19","targetHints":{"allow":["GET"]}}],"collection":[{"href":"https:\/\/www.ffmc72.fr\/site\/wp-json\/wp\/v2\/pages"}],"about":[{"href":"https:\/\/www.ffmc72.fr\/site\/wp-json\/wp\/v2\/types\/page"}],"author":[{"embeddable":true,"href":"https:\/\/www.ffmc72.fr\/site\/wp-json\/wp\/v2\/users\/1"}],"replies":[{"embeddable":true,"href":"https:\/\/www.ffmc72.fr\/site\/wp-json\/wp\/v2\/comments?post=19"}],"version-history":[{"count":31,"href":"https:\/\/www.ffmc72.fr\/site\/wp-json\/wp\/v2\/pages\/19\/revisions"}],"predecessor-version":[{"id":2919,"href":"https:\/\/www.ffmc72.fr\/site\/wp-json\/wp\/v2\/pages\/19\/revisions\/2919"}],"wp:featuredmedia":[{"embeddable":true,"href":"https:\/\/www.ffmc72.fr\/site\/wp-json\/wp\/v2\/media\/21"}],"wp:attachment":[{"href":"https:\/\/www.ffmc72.fr\/site\/wp-json\/wp\/v2\/media?parent=19"}],"curies":[{"name":"wp","href":"https:\/\/api.w.org\/{rel}","templated":true}]}}