{"id":1619,"date":"2020-05-07T14:18:49","date_gmt":"2020-05-07T12:18:49","guid":{"rendered":"https:\/\/www.ffmc72.fr\/site\/?page_id=1619"},"modified":"2025-04-01T08:54:39","modified_gmt":"2025-04-01T06:54:39","slug":"signalisation-dinfrastructure-dangereuse","status":"publish","type":"page","link":"https:\/\/www.ffmc72.fr\/site\/signalisation-dinfrastructure-dangereuse\/","title":{"rendered":"Signalisation d&rsquo;infrastructure dangereuse"},"content":{"rendered":"\n<p>Vous pouvez signaler ici une infrastructure dangereuse en compl\u00e9tant le formulaire ci dessous.<\/p>\n\n\n\n<p><strong>Attention toutefois si cette infrastructure pr\u00e9sente un danger grave et imminent (gasoil, arbre sur la chauss\u00e9e&#8230;) veuillez appeler sans attendre le 112.<\/strong><\/p>\n\n\n<div class=\"wpforms-container wpforms-container-full wpforms-block wpforms-block-5d309380-237c-493c-be36-dd9d46a7bdfe\" id=\"wpforms-1618\"><form id=\"wpforms-form-1618\" class=\"wpforms-validate wpforms-form\" data-formid=\"1618\" method=\"post\" enctype=\"multipart\/form-data\" action=\"\/site\/wp-json\/wp\/v2\/pages\/1619\" data-token=\"251c4e1bc2edf28544c46f7cab8f5929\" data-token-time=\"1777705458\"><noscript class=\"wpforms-error-noscript\">Veuillez activer JavaScript dans votre navigateur pour remplir ce formulaire.<\/noscript><div class=\"wpforms-field-container\"><div id=\"wpforms-1618-field_1-container\" class=\"wpforms-field wpforms-field-text\" data-field-id=\"1\"><label class=\"wpforms-field-label\" for=\"wpforms-1618-field_1\">Adresse mail de contact : <span class=\"wpforms-required-label\">*<\/span><\/label><input type=\"text\" id=\"wpforms-1618-field_1\" class=\"wpforms-field-large wpforms-field-required\" name=\"wpforms[fields][1]\" required><\/div><div id=\"wpforms-1618-field_3-container\" class=\"wpforms-field wpforms-field-radio\" data-field-id=\"3\"><label class=\"wpforms-field-label\">Type de danger <span class=\"wpforms-required-label\">*<\/span><\/label><ul id=\"wpforms-1618-field_3\" class=\"wpforms-field-required\"><li class=\"choice-1 depth-1\"><input type=\"radio\" id=\"wpforms-1618-field_3_1\" name=\"wpforms[fields][3]\" value=\"Nids de poule\" required ><label class=\"wpforms-field-label-inline\" for=\"wpforms-1618-field_3_1\">Nids de poule<\/label><\/li><li class=\"choice-2 depth-1\"><input type=\"radio\" id=\"wpforms-1618-field_3_2\" name=\"wpforms[fields][3]\" value=\"Gravillons\" required ><label class=\"wpforms-field-label-inline\" for=\"wpforms-1618-field_3_2\">Gravillons<\/label><\/li><li class=\"choice-3 depth-1\"><input type=\"radio\" id=\"wpforms-1618-field_3_3\" name=\"wpforms[fields][3]\" value=\"Dos d&#039;\u00e2ne\" required ><label class=\"wpforms-field-label-inline\" for=\"wpforms-1618-field_3_3\">Dos d&rsquo;\u00e2ne<\/label><\/li><li class=\"choice-4 depth-1\"><input type=\"radio\" id=\"wpforms-1618-field_3_4\" name=\"wpforms[fields][3]\" value=\"Orni\u00e8res\" required ><label class=\"wpforms-field-label-inline\" for=\"wpforms-1618-field_3_4\">Orni\u00e8res<\/label><\/li><li class=\"choice-6 depth-1\"><input type=\"radio\" id=\"wpforms-1618-field_3_6\" name=\"wpforms[fields][3]\" value=\"Signalisation erron\u00e9e\" required ><label class=\"wpforms-field-label-inline\" for=\"wpforms-1618-field_3_6\">Signalisation erron\u00e9e<\/label><\/li><li class=\"choice-7 depth-1\"><input type=\"radio\" id=\"wpforms-1618-field_3_7\" name=\"wpforms[fields][3]\" value=\"Ilot central non ou mal signal\u00e9\" required ><label class=\"wpforms-field-label-inline\" for=\"wpforms-1618-field_3_7\">Ilot central non ou mal signal\u00e9<\/label><\/li><li class=\"choice-8 depth-1\"><input type=\"radio\" id=\"wpforms-1618-field_3_8\" name=\"wpforms[fields][3]\" value=\"Virage non ou mal signal\u00e9\" required ><label class=\"wpforms-field-label-inline\" for=\"wpforms-1618-field_3_8\">Virage non ou mal signal\u00e9<\/label><\/li><li class=\"choice-9 depth-1\"><input type=\"radio\" id=\"wpforms-1618-field_3_9\" name=\"wpforms[fields][3]\" value=\"D\u00e9formation de la chauss\u00e9e\" required ><label class=\"wpforms-field-label-inline\" for=\"wpforms-1618-field_3_9\">D\u00e9formation de la chauss\u00e9e<\/label><\/li><li class=\"choice-10 depth-1\"><input type=\"radio\" id=\"wpforms-1618-field_3_10\" name=\"wpforms[fields][3]\" value=\"Plaque d&#039;\u00e9gout glissante\" required ><label class=\"wpforms-field-label-inline\" for=\"wpforms-1618-field_3_10\">Plaque d&rsquo;\u00e9gout glissante<\/label><\/li><li class=\"choice-11 depth-1\"><input type=\"radio\" id=\"wpforms-1618-field_3_11\" name=\"wpforms[fields][3]\" value=\"Plaque d\u00e9gout saillante\/creuse\" required ><label class=\"wpforms-field-label-inline\" for=\"wpforms-1618-field_3_11\">Plaque d\u00e9gout saillante\/creuse<\/label><\/li><li class=\"choice-12 depth-1\"><input type=\"radio\" id=\"wpforms-1618-field_3_12\" name=\"wpforms[fields][3]\" value=\"Signalisation illisible\" required ><label class=\"wpforms-field-label-inline\" for=\"wpforms-1618-field_3_12\">Signalisation illisible<\/label><\/li><li class=\"choice-13 depth-1\"><input type=\"radio\" id=\"wpforms-1618-field_3_13\" name=\"wpforms[fields][3]\" value=\"V\u00e9g\u00e9tation d\u00e9bordant sur la chauss\u00e9e\" required ><label class=\"wpforms-field-label-inline\" for=\"wpforms-1618-field_3_13\">V\u00e9g\u00e9tation d\u00e9bordant sur la chauss\u00e9e<\/label><\/li><li class=\"choice-5 depth-1\"><input type=\"radio\" id=\"wpforms-1618-field_3_5\" name=\"wpforms[fields][3]\" value=\"Autre\" required ><label class=\"wpforms-field-label-inline\" for=\"wpforms-1618-field_3_5\">Autre<\/label><\/li><\/ul><\/div><div id=\"wpforms-1618-field_4-container\" class=\"wpforms-field wpforms-field-radio\" data-field-id=\"4\"><label class=\"wpforms-field-label\">Type de route<\/label><ul id=\"wpforms-1618-field_4\"><li class=\"choice-1 depth-1\"><input type=\"radio\" id=\"wpforms-1618-field_4_1\" name=\"wpforms[fields][4]\" value=\"Autoroute\"  ><label class=\"wpforms-field-label-inline\" for=\"wpforms-1618-field_4_1\">Autoroute<\/label><\/li><li class=\"choice-2 depth-1\"><input type=\"radio\" id=\"wpforms-1618-field_4_2\" name=\"wpforms[fields][4]\" value=\"Nationale\"  ><label class=\"wpforms-field-label-inline\" for=\"wpforms-1618-field_4_2\">Nationale<\/label><\/li><li class=\"choice-3 depth-1\"><input type=\"radio\" id=\"wpforms-1618-field_4_3\" name=\"wpforms[fields][4]\" value=\"D\u00e9partementale\"  ><label class=\"wpforms-field-label-inline\" for=\"wpforms-1618-field_4_3\">D\u00e9partementale<\/label><\/li><li class=\"choice-4 depth-1\"><input type=\"radio\" id=\"wpforms-1618-field_4_4\" name=\"wpforms[fields][4]\" value=\"Communale\"  ><label class=\"wpforms-field-label-inline\" for=\"wpforms-1618-field_4_4\">Communale<\/label><\/li><\/ul><\/div><div id=\"wpforms-1618-field_2-container\" class=\"wpforms-field wpforms-field-text\" data-field-id=\"2\"><label class=\"wpforms-field-label\" for=\"wpforms-1618-field_2\">Coordonn\u00e9es du lieu de l&#039;infrastructure signal\u00e9e ou lien google maps <span class=\"wpforms-required-label\">*<\/span><\/label><input type=\"text\" id=\"wpforms-1618-field_2\" class=\"wpforms-field-medium wpforms-field-required\" name=\"wpforms[fields][2]\" required><\/div><\/div><!-- .wpforms-field-container --><div class=\"wpforms-field wpforms-field-hp\"><label for=\"wpforms-1618-field-hp\" class=\"wpforms-field-label\">Website<\/label><input type=\"text\" name=\"wpforms[hp]\" id=\"wpforms-1618-field-hp\" class=\"wpforms-field-medium\"><\/div><div class=\"wpforms-recaptcha-container wpforms-is-recaptcha wpforms-is-recaptcha-type-v3\" ><input type=\"hidden\" name=\"wpforms[recaptcha]\" value=\"\"><\/div><div class=\"wpforms-submit-container\" ><input type=\"hidden\" name=\"wpforms[id]\" value=\"1618\"><input type=\"hidden\" name=\"page_title\" value=\"\"><input type=\"hidden\" name=\"page_url\" value=\"https:\/\/www.ffmc72.fr\/site\/wp-json\/wp\/v2\/pages\/1619\"><input type=\"hidden\" name=\"url_referer\" value=\"\"><button type=\"submit\" name=\"wpforms[submit]\" id=\"wpforms-submit-1618\" class=\"wpforms-submit\" data-alt-text=\"Envoi...\" data-submit-text=\"Envoyer\" aria-live=\"assertive\" value=\"wpforms-submit\">Envoyer<\/button><\/div><\/form><\/div>  <!-- .wpforms-container -->","protected":false},"excerpt":{"rendered":"<p>Vous pouvez signaler ici une infrastructure dangereuse en compl\u00e9tant le formulaire ci dessous. Attention toutefois si cette infrastructure pr\u00e9sente un danger grave et imminent (gasoil, arbre sur la chauss\u00e9e&#8230;) veuillez appeler sans attendre le 112.<\/p>\n<p class=\"continue-reading-button\"> <a class=\"continue-reading-link\" href=\"https:\/\/www.ffmc72.fr\/site\/signalisation-dinfrastructure-dangereuse\/\">Continuer \u00e0 lire<i class=\"crycon-right-dir\"><\/i><\/a><\/p>\n","protected":false},"author":6,"featured_media":2463,"parent":0,"menu_order":0,"comment_status":"closed","ping_status":"closed","template":"","meta":{"footnotes":""},"class_list":["post-1619","page","type-page","status-publish","has-post-thumbnail","hentry"],"yoast_head":"<!-- This site is optimized with the Yoast SEO plugin v27.5 - https:\/\/yoast.com\/product\/yoast-seo-wordpress\/ -->\n<title>Signalisation d&#039;infrastructure dangereuse - FFMC 72 - F\u00e9d\u00e9ration Fran\u00e7aise des motards en col\u00e8res de la Sarthe - boycott contr\u00f4le technique moto, contre les ZFE, Adherer, nid de poule, infrastructure, action gazoil, consignes casques, 24h du mans, non au CT2RM, FFMC Sarthe, FFMC 72, F.F.M.C, ERJ, Le Mans, FFMC Le Mans, Veille sur les contr\u00f4les syst\u00e9matiques<\/title>\n<meta name=\"robots\" content=\"index, follow, max-snippet:-1, max-image-preview:large, max-video-preview:-1\" \/>\n<link rel=\"canonical\" href=\"https:\/\/www.ffmc72.fr\/site\/signalisation-dinfrastructure-dangereuse\/\" \/>\n<meta property=\"og:locale\" content=\"fr_FR\" \/>\n<meta property=\"og:type\" content=\"article\" \/>\n<meta property=\"og:title\" content=\"Signalisation d&#039;infrastructure dangereuse\" \/>\n<meta property=\"og:description\" content=\"Vous pouvez signaler ici une infrastructure dangereuse en compl\u00e9tant le formulaire ci dessous.\" \/>\n<meta property=\"og:url\" content=\"https:\/\/www.ffmc72.fr\/site\/signalisation-dinfrastructure-dangereuse\/\" \/>\n<meta property=\"og:site_name\" content=\"FFMC 72 - F\u00e9d\u00e9ration Fran\u00e7aise des motards en col\u00e8res de la Sarthe - boycott contr\u00f4le technique moto, contre les ZFE, Adherer, nid de poule, infrastructure, action gazoil, consignes casques, 24h du mans, non au CT2RM, FFMC Sarthe, FFMC 72, F.F.M.C, ERJ, Le Mans, FFMC Le Mans, Veille sur les contr\u00f4les syst\u00e9matiques\" \/>\n<meta property=\"article:publisher\" content=\"https:\/\/www.facebook.com\/ffmc72\" \/>\n<meta property=\"article:modified_time\" content=\"2025-04-01T06:54:39+00:00\" \/>\n<meta property=\"og:image\" content=\"https:\/\/www.ffmc72.fr\/site\/wp-content\/uploads\/2024\/04\/Nid-de-poule-2024-12-scaled.jpg\" \/>\n\t<meta property=\"og:image:width\" content=\"2560\" \/>\n\t<meta property=\"og:image:height\" content=\"1707\" \/>\n\t<meta property=\"og:image:type\" content=\"image\/jpeg\" \/>\n<meta name=\"twitter:card\" content=\"summary_large_image\" \/>\n<meta name=\"twitter:title\" content=\"Signalisation d&#039;infrastructure dangereuse\" \/>\n<meta name=\"twitter:description\" content=\"Vous pouvez signaler ici une infrastructure dangereuse en compl\u00e9tant le formulaire ci dessous.\" \/>\n<meta name=\"twitter:image\" content=\"https:\/\/www.ffmc72.fr\/site\/wp-content\/uploads\/2024\/04\/Nid-de-poule-2024-12-scaled.jpg\" \/>\n<meta name=\"twitter:label1\" content=\"Dur\u00e9e de lecture estim\u00e9e\" \/>\n\t<meta name=\"twitter:data1\" content=\"1 minute\" \/>\n<script type=\"application\/ld+json\" class=\"yoast-schema-graph\">{\"@context\":\"https:\\\/\\\/schema.org\",\"@graph\":[{\"@type\":\"WebPage\",\"@id\":\"https:\\\/\\\/www.ffmc72.fr\\\/site\\\/signalisation-dinfrastructure-dangereuse\\\/\",\"url\":\"https:\\\/\\\/www.ffmc72.fr\\\/site\\\/signalisation-dinfrastructure-dangereuse\\\/\",\"name\":\"Signalisation d'infrastructure dangereuse - FFMC 72 - F\u00e9d\u00e9ration Fran\u00e7aise des motards en col\u00e8res de la Sarthe - boycott contr\u00f4le technique moto, contre les ZFE, Adherer, nid de poule, infrastructure, action gazoil, consignes casques, 24h du mans, non au CT2RM, FFMC Sarthe, FFMC 72, F.F.M.C, ERJ, Le Mans, FFMC Le Mans, Veille sur les contr\u00f4les syst\u00e9matiques\",\"isPartOf\":{\"@id\":\"https:\\\/\\\/www.ffmc72.fr\\\/site\\\/#website\"},\"primaryImageOfPage\":{\"@id\":\"https:\\\/\\\/www.ffmc72.fr\\\/site\\\/signalisation-dinfrastructure-dangereuse\\\/#primaryimage\"},\"image\":{\"@id\":\"https:\\\/\\\/www.ffmc72.fr\\\/site\\\/signalisation-dinfrastructure-dangereuse\\\/#primaryimage\"},\"thumbnailUrl\":\"https:\\\/\\\/www.ffmc72.fr\\\/site\\\/wp-content\\\/uploads\\\/2024\\\/04\\\/Nid-de-poule-2024-12-scaled.jpg\",\"datePublished\":\"2020-05-07T12:18:49+00:00\",\"dateModified\":\"2025-04-01T06:54:39+00:00\",\"breadcrumb\":{\"@id\":\"https:\\\/\\\/www.ffmc72.fr\\\/site\\\/signalisation-dinfrastructure-dangereuse\\\/#breadcrumb\"},\"inLanguage\":\"fr-FR\",\"potentialAction\":[{\"@type\":\"ReadAction\",\"target\":[\"https:\\\/\\\/www.ffmc72.fr\\\/site\\\/signalisation-dinfrastructure-dangereuse\\\/\"]}]},{\"@type\":\"ImageObject\",\"inLanguage\":\"fr-FR\",\"@id\":\"https:\\\/\\\/www.ffmc72.fr\\\/site\\\/signalisation-dinfrastructure-dangereuse\\\/#primaryimage\",\"url\":\"https:\\\/\\\/www.ffmc72.fr\\\/site\\\/wp-content\\\/uploads\\\/2024\\\/04\\\/Nid-de-poule-2024-12-scaled.jpg\",\"contentUrl\":\"https:\\\/\\\/www.ffmc72.fr\\\/site\\\/wp-content\\\/uploads\\\/2024\\\/04\\\/Nid-de-poule-2024-12-scaled.jpg\",\"width\":2560,\"height\":1707},{\"@type\":\"BreadcrumbList\",\"@id\":\"https:\\\/\\\/www.ffmc72.fr\\\/site\\\/signalisation-dinfrastructure-dangereuse\\\/#breadcrumb\",\"itemListElement\":[{\"@type\":\"ListItem\",\"position\":1,\"name\":\"Accueil\",\"item\":\"https:\\\/\\\/www.ffmc72.fr\\\/site\\\/\"},{\"@type\":\"ListItem\",\"position\":2,\"name\":\"Signalisation d&rsquo;infrastructure dangereuse\"}]},{\"@type\":\"WebSite\",\"@id\":\"https:\\\/\\\/www.ffmc72.fr\\\/site\\\/#website\",\"url\":\"https:\\\/\\\/www.ffmc72.fr\\\/site\\\/\",\"name\":\"FFMC 72 - F\u00e9d\u00e9ration Fran\u00e7aise des motards en col\u00e8res de la Sarthe - boycott contr\u00f4le technique moto, contre les ZFE, Adherer, nid de poule, infrastructure, action gazoil, consignes casques, 24h du mans, non au CT2RM, FFMC Sarthe, FFMC 72, F.F.M.C, ERJ, Le Mans, FFMC Le Mans, Veille sur les contr\u00f4les syst\u00e9matiques\",\"description\":\"Plus nombreux, plus fort, rejoint la FFMC\",\"publisher\":{\"@id\":\"https:\\\/\\\/www.ffmc72.fr\\\/site\\\/#organization\"},\"alternateName\":\"FFMC 72\",\"potentialAction\":[{\"@type\":\"SearchAction\",\"target\":{\"@type\":\"EntryPoint\",\"urlTemplate\":\"https:\\\/\\\/www.ffmc72.fr\\\/site\\\/?s={search_term_string}\"},\"query-input\":{\"@type\":\"PropertyValueSpecification\",\"valueRequired\":true,\"valueName\":\"search_term_string\"}}],\"inLanguage\":\"fr-FR\"},{\"@type\":\"Organization\",\"@id\":\"https:\\\/\\\/www.ffmc72.fr\\\/site\\\/#organization\",\"name\":\"FFMC 72\",\"url\":\"https:\\\/\\\/www.ffmc72.fr\\\/site\\\/\",\"logo\":{\"@type\":\"ImageObject\",\"inLanguage\":\"fr-FR\",\"@id\":\"https:\\\/\\\/www.ffmc72.fr\\\/site\\\/#\\\/schema\\\/logo\\\/image\\\/\",\"url\":\"https:\\\/\\\/www.ffmc72.fr\\\/site\\\/wp-content\\\/uploads\\\/2020\\\/05\\\/sticker-partenaire.jpg\",\"contentUrl\":\"https:\\\/\\\/www.ffmc72.fr\\\/site\\\/wp-content\\\/uploads\\\/2020\\\/05\\\/sticker-partenaire.jpg\",\"width\":1024,\"height\":239,\"caption\":\"FFMC 72\"},\"image\":{\"@id\":\"https:\\\/\\\/www.ffmc72.fr\\\/site\\\/#\\\/schema\\\/logo\\\/image\\\/\"},\"sameAs\":[\"https:\\\/\\\/www.facebook.com\\\/ffmc72\"]}]}<\/script>\n<!-- \/ Yoast SEO plugin. -->","yoast_head_json":{"title":"Signalisation d'infrastructure dangereuse - FFMC 72 - F\u00e9d\u00e9ration Fran\u00e7aise des motards en col\u00e8res de la Sarthe - boycott contr\u00f4le technique moto, contre les ZFE, Adherer, nid de poule, infrastructure, action gazoil, consignes casques, 24h du mans, non au CT2RM, FFMC Sarthe, FFMC 72, F.F.M.C, ERJ, Le Mans, FFMC Le Mans, Veille sur les contr\u00f4les syst\u00e9matiques","robots":{"index":"index","follow":"follow","max-snippet":"max-snippet:-1","max-image-preview":"max-image-preview:large","max-video-preview":"max-video-preview:-1"},"canonical":"https:\/\/www.ffmc72.fr\/site\/signalisation-dinfrastructure-dangereuse\/","og_locale":"fr_FR","og_type":"article","og_title":"Signalisation d'infrastructure dangereuse","og_description":"Vous pouvez signaler ici une infrastructure dangereuse en compl\u00e9tant le formulaire ci dessous.","og_url":"https:\/\/www.ffmc72.fr\/site\/signalisation-dinfrastructure-dangereuse\/","og_site_name":"FFMC 72 - F\u00e9d\u00e9ration Fran\u00e7aise des motards en col\u00e8res de la Sarthe - boycott contr\u00f4le technique moto, contre les ZFE, Adherer, nid de poule, infrastructure, action gazoil, consignes casques, 24h du mans, non au CT2RM, FFMC Sarthe, FFMC 72, F.F.M.C, ERJ, Le Mans, FFMC Le Mans, Veille sur les contr\u00f4les syst\u00e9matiques","article_publisher":"https:\/\/www.facebook.com\/ffmc72","article_modified_time":"2025-04-01T06:54:39+00:00","og_image":[{"width":2560,"height":1707,"url":"https:\/\/www.ffmc72.fr\/site\/wp-content\/uploads\/2024\/04\/Nid-de-poule-2024-12-scaled.jpg","type":"image\/jpeg"}],"twitter_card":"summary_large_image","twitter_title":"Signalisation d'infrastructure dangereuse","twitter_description":"Vous pouvez signaler ici une infrastructure dangereuse en compl\u00e9tant le formulaire ci dessous.","twitter_image":"https:\/\/www.ffmc72.fr\/site\/wp-content\/uploads\/2024\/04\/Nid-de-poule-2024-12-scaled.jpg","twitter_misc":{"Dur\u00e9e de lecture estim\u00e9e":"1 minute"},"schema":{"@context":"https:\/\/schema.org","@graph":[{"@type":"WebPage","@id":"https:\/\/www.ffmc72.fr\/site\/signalisation-dinfrastructure-dangereuse\/","url":"https:\/\/www.ffmc72.fr\/site\/signalisation-dinfrastructure-dangereuse\/","name":"Signalisation d'infrastructure dangereuse - FFMC 72 - F\u00e9d\u00e9ration Fran\u00e7aise des motards en col\u00e8res de la Sarthe - boycott contr\u00f4le technique moto, contre les ZFE, Adherer, nid de poule, infrastructure, action gazoil, consignes casques, 24h du mans, non au CT2RM, FFMC Sarthe, FFMC 72, F.F.M.C, ERJ, Le Mans, FFMC Le Mans, Veille sur les contr\u00f4les syst\u00e9matiques","isPartOf":{"@id":"https:\/\/www.ffmc72.fr\/site\/#website"},"primaryImageOfPage":{"@id":"https:\/\/www.ffmc72.fr\/site\/signalisation-dinfrastructure-dangereuse\/#primaryimage"},"image":{"@id":"https:\/\/www.ffmc72.fr\/site\/signalisation-dinfrastructure-dangereuse\/#primaryimage"},"thumbnailUrl":"https:\/\/www.ffmc72.fr\/site\/wp-content\/uploads\/2024\/04\/Nid-de-poule-2024-12-scaled.jpg","datePublished":"2020-05-07T12:18:49+00:00","dateModified":"2025-04-01T06:54:39+00:00","breadcrumb":{"@id":"https:\/\/www.ffmc72.fr\/site\/signalisation-dinfrastructure-dangereuse\/#breadcrumb"},"inLanguage":"fr-FR","potentialAction":[{"@type":"ReadAction","target":["https:\/\/www.ffmc72.fr\/site\/signalisation-dinfrastructure-dangereuse\/"]}]},{"@type":"ImageObject","inLanguage":"fr-FR","@id":"https:\/\/www.ffmc72.fr\/site\/signalisation-dinfrastructure-dangereuse\/#primaryimage","url":"https:\/\/www.ffmc72.fr\/site\/wp-content\/uploads\/2024\/04\/Nid-de-poule-2024-12-scaled.jpg","contentUrl":"https:\/\/www.ffmc72.fr\/site\/wp-content\/uploads\/2024\/04\/Nid-de-poule-2024-12-scaled.jpg","width":2560,"height":1707},{"@type":"BreadcrumbList","@id":"https:\/\/www.ffmc72.fr\/site\/signalisation-dinfrastructure-dangereuse\/#breadcrumb","itemListElement":[{"@type":"ListItem","position":1,"name":"Accueil","item":"https:\/\/www.ffmc72.fr\/site\/"},{"@type":"ListItem","position":2,"name":"Signalisation d&rsquo;infrastructure dangereuse"}]},{"@type":"WebSite","@id":"https:\/\/www.ffmc72.fr\/site\/#website","url":"https:\/\/www.ffmc72.fr\/site\/","name":"FFMC 72 - F\u00e9d\u00e9ration Fran\u00e7aise des motards en col\u00e8res de la Sarthe - boycott contr\u00f4le technique moto, contre les ZFE, Adherer, nid de poule, infrastructure, action gazoil, consignes casques, 24h du mans, non au CT2RM, FFMC Sarthe, FFMC 72, F.F.M.C, ERJ, Le Mans, FFMC Le Mans, Veille sur les contr\u00f4les syst\u00e9matiques","description":"Plus nombreux, plus fort, rejoint la FFMC","publisher":{"@id":"https:\/\/www.ffmc72.fr\/site\/#organization"},"alternateName":"FFMC 72","potentialAction":[{"@type":"SearchAction","target":{"@type":"EntryPoint","urlTemplate":"https:\/\/www.ffmc72.fr\/site\/?s={search_term_string}"},"query-input":{"@type":"PropertyValueSpecification","valueRequired":true,"valueName":"search_term_string"}}],"inLanguage":"fr-FR"},{"@type":"Organization","@id":"https:\/\/www.ffmc72.fr\/site\/#organization","name":"FFMC 72","url":"https:\/\/www.ffmc72.fr\/site\/","logo":{"@type":"ImageObject","inLanguage":"fr-FR","@id":"https:\/\/www.ffmc72.fr\/site\/#\/schema\/logo\/image\/","url":"https:\/\/www.ffmc72.fr\/site\/wp-content\/uploads\/2020\/05\/sticker-partenaire.jpg","contentUrl":"https:\/\/www.ffmc72.fr\/site\/wp-content\/uploads\/2020\/05\/sticker-partenaire.jpg","width":1024,"height":239,"caption":"FFMC 72"},"image":{"@id":"https:\/\/www.ffmc72.fr\/site\/#\/schema\/logo\/image\/"},"sameAs":["https:\/\/www.facebook.com\/ffmc72"]}]}},"_links":{"self":[{"href":"https:\/\/www.ffmc72.fr\/site\/wp-json\/wp\/v2\/pages\/1619","targetHints":{"allow":["GET"]}}],"collection":[{"href":"https:\/\/www.ffmc72.fr\/site\/wp-json\/wp\/v2\/pages"}],"about":[{"href":"https:\/\/www.ffmc72.fr\/site\/wp-json\/wp\/v2\/types\/page"}],"author":[{"embeddable":true,"href":"https:\/\/www.ffmc72.fr\/site\/wp-json\/wp\/v2\/users\/6"}],"replies":[{"embeddable":true,"href":"https:\/\/www.ffmc72.fr\/site\/wp-json\/wp\/v2\/comments?post=1619"}],"version-history":[{"count":2,"href":"https:\/\/www.ffmc72.fr\/site\/wp-json\/wp\/v2\/pages\/1619\/revisions"}],"predecessor-version":[{"id":2723,"href":"https:\/\/www.ffmc72.fr\/site\/wp-json\/wp\/v2\/pages\/1619\/revisions\/2723"}],"wp:featuredmedia":[{"embeddable":true,"href":"https:\/\/www.ffmc72.fr\/site\/wp-json\/wp\/v2\/media\/2463"}],"wp:attachment":[{"href":"https:\/\/www.ffmc72.fr\/site\/wp-json\/wp\/v2\/media?parent=1619"}],"curies":[{"name":"wp","href":"https:\/\/api.w.org\/{rel}","templated":true}]}}