{"id":1609,"date":"2020-05-07T13:50:04","date_gmt":"2020-05-07T11:50:04","guid":{"rendered":"https:\/\/www.ffmc72.fr\/site\/?page_id=1609"},"modified":"2020-05-07T13:50:11","modified_gmt":"2020-05-07T11:50:11","slug":"histoire","status":"publish","type":"page","link":"https:\/\/www.ffmc72.fr\/site\/histoire\/","title":{"rendered":"Histoire"},"content":{"rendered":"\n<p>La F\u00e9d\u00e9ration Fran\u00e7aise des Motards en Col\u00e8re a \u00e9t\u00e9 fond\u00e9e en 1980 au Havre suite \u00e0 plusieurs \u00e9v\u00e8nements dont la tentative de mise en place par le gouvernement de l&rsquo;\u00e9poque d&rsquo;une vignette moto, des tarifs exorbitants des assurances pour 2 roues. <\/p>\n\n\n\n<p>Depuis les ann\u00e9es 1980 la f\u00e9d\u00e9ration s&rsquo;est \u00e9tendue en antennes d\u00e9partementales, permettant ainsi de lutter localement pour la d\u00e9fense des droits des motards.<\/p>\n\n\n\n<p>L\u2019objectif de la F\u00e9d\u00e9ration Fran\u00e7aise des Motards en Col\u00e8re est de f\u00e9d\u00e9rer les usagers des deux roues et trois roues motoris\u00e9s (du cyclo au gros cube), autour des valeurs qui ont motiv\u00e9 sa cr\u00e9ation et continuent de l\u2019animer.<\/p>\n\n\n\n<p>Elle agit pour d\u00e9velopper la pratique des deux-roues motoris\u00e9s ou engins assimil\u00e9s. Elle d\u00e9fend, sans corporatisme, leurs utilisateurs en tant qu\u2019usagers de la route et en tant que consommateurs. Elle agit pour sa s\u00e9curit\u00e9 et le partage de la route sur la base du d\u00e9veloppement de l\u2019information, de la pr\u00e9vention et de la formation, pour faire pr\u00e9valoir la connaissance et la prise de conscience plut\u00f4t que les mesures r\u00e9pressives.<\/p>\n\n\n\n<p>Ses moyens d\u2019action sont nombreux notamment : l\u2019organisation de journ\u00e9es de pr\u00e9vention, affichage, tenue de r\u00e9union p\u00e9riodique, organisation de manifestations, de journ\u00e9es p\u00e9dagogiques dans les coll\u00e8ges, balades\u2026<\/p>\n\n\n\n<p>Au fil des ann\u00e9es la FFMC a donn\u00e9 naissance \u00e0 plusieurs structures et commissions visant \u00e0 cibler les besoins des motards notamment :<\/p>\n\n\n\n<ul class=\"wp-block-list\"><li> l&rsquo;Association pour la Formation Des Motards AFDM<\/li><li>l&rsquo;assurance Mutuelle des Motards<\/li><li>FFMC Loisirs<\/li><li>Commission Stop Vol<\/li><li>Commission Juridique<\/li><li>Commission ERJ (Education Routi\u00e8re de la Jeunesse)<\/li><\/ul>\n\n\n\n<p>Plus d&rsquo;informations sur le site de la FFMC nationale : <a href=\"https:\/\/ffmc.asso.fr\/le-mouvement-motard\">https:\/\/ffmc.asso.fr\/le-mouvement-motard<\/a><\/p>\n","protected":false},"excerpt":{"rendered":"<p>La F\u00e9d\u00e9ration Fran\u00e7aise des Motards en Col\u00e8re a \u00e9t\u00e9 fond\u00e9e en 1980 au Havre suite \u00e0 plusieurs \u00e9v\u00e8nements dont la tentative de mise en place par le gouvernement de l&rsquo;\u00e9poque d&rsquo;une vignette moto, des tarifs exorbitants des assurances pour 2 roues. Depuis les ann\u00e9es 1980 la f\u00e9d\u00e9ration s&rsquo;est \u00e9tendue en antennes d\u00e9partementales, permettant ainsi de lutter localement pour la d\u00e9fense des droits des motards. L\u2019objectif de la F\u00e9d\u00e9ration Fran\u00e7aise des Motards en Col\u00e8re est de f\u00e9d\u00e9rer les usagers des deux roues et trois roues motoris\u00e9s (du cyclo au gros cube), autour des valeurs qui ont motiv\u00e9 sa cr\u00e9ation et continuent&#8230;<\/p>\n<p class=\"continue-reading-button\"> <a class=\"continue-reading-link\" href=\"https:\/\/www.ffmc72.fr\/site\/histoire\/\">Continuer \u00e0 lire<i class=\"crycon-right-dir\"><\/i><\/a><\/p>\n","protected":false},"author":6,"featured_media":0,"parent":0,"menu_order":0,"comment_status":"closed","ping_status":"closed","template":"","meta":{"footnotes":""},"class_list":["post-1609","page","type-page","status-publish","hentry"],"yoast_head":"<!-- This site is optimized with the Yoast SEO plugin v27.5 - https:\/\/yoast.com\/product\/yoast-seo-wordpress\/ -->\n<title>Histoire - FFMC 72 - F\u00e9d\u00e9ration Fran\u00e7aise des motards en col\u00e8res de la Sarthe - boycott contr\u00f4le technique moto, contre les ZFE, Adherer, nid de poule, infrastructure, action gazoil, consignes casques, 24h du mans, non au CT2RM, FFMC Sarthe, FFMC 72, F.F.M.C, ERJ, Le Mans, FFMC Le Mans, Veille sur les contr\u00f4les syst\u00e9matiques<\/title>\n<meta name=\"robots\" content=\"index, follow, max-snippet:-1, max-image-preview:large, max-video-preview:-1\" \/>\n<link rel=\"canonical\" href=\"https:\/\/www.ffmc72.fr\/site\/histoire\/\" \/>\n<meta property=\"og:locale\" content=\"fr_FR\" \/>\n<meta property=\"og:type\" content=\"article\" \/>\n<meta property=\"og:title\" content=\"Histoire - FFMC 72 - F\u00e9d\u00e9ration Fran\u00e7aise des motards en col\u00e8res de la Sarthe - boycott contr\u00f4le technique moto, contre les ZFE, Adherer, nid de poule, infrastructure, action gazoil, consignes casques, 24h du mans, non au CT2RM, FFMC Sarthe, FFMC 72, F.F.M.C, ERJ, Le Mans, FFMC Le Mans, Veille sur les contr\u00f4les syst\u00e9matiques\" \/>\n<meta property=\"og:description\" content=\"La F\u00e9d\u00e9ration Fran\u00e7aise des Motards en Col\u00e8re a \u00e9t\u00e9 fond\u00e9e en 1980 au Havre suite \u00e0 plusieurs \u00e9v\u00e8nements dont la tentative de mise en place par le gouvernement de l&rsquo;\u00e9poque d&rsquo;une vignette moto, des tarifs exorbitants des assurances pour 2 roues. Depuis les ann\u00e9es 1980 la f\u00e9d\u00e9ration s&rsquo;est \u00e9tendue en antennes d\u00e9partementales, permettant ainsi de lutter localement pour la d\u00e9fense des droits des motards. L\u2019objectif de la F\u00e9d\u00e9ration Fran\u00e7aise des Motards en Col\u00e8re est de f\u00e9d\u00e9rer les usagers des deux roues et trois roues motoris\u00e9s (du cyclo au gros cube), autour des valeurs qui ont motiv\u00e9 sa cr\u00e9ation et continuent... Continuer \u00e0 lire\" \/>\n<meta property=\"og:url\" content=\"https:\/\/www.ffmc72.fr\/site\/histoire\/\" \/>\n<meta property=\"og:site_name\" content=\"FFMC 72 - F\u00e9d\u00e9ration Fran\u00e7aise des motards en col\u00e8res de la Sarthe - boycott contr\u00f4le technique moto, contre les ZFE, Adherer, nid de poule, infrastructure, action gazoil, consignes casques, 24h du mans, non au CT2RM, FFMC Sarthe, FFMC 72, F.F.M.C, ERJ, Le Mans, FFMC Le Mans, Veille sur les contr\u00f4les syst\u00e9matiques\" \/>\n<meta property=\"article:publisher\" content=\"https:\/\/www.facebook.com\/ffmc72\" \/>\n<meta property=\"article:modified_time\" content=\"2020-05-07T11:50:11+00:00\" \/>\n<meta name=\"twitter:card\" content=\"summary_large_image\" \/>\n<meta name=\"twitter:label1\" content=\"Dur\u00e9e de lecture estim\u00e9e\" \/>\n\t<meta name=\"twitter:data1\" content=\"1 minute\" \/>\n<script type=\"application\/ld+json\" class=\"yoast-schema-graph\">{\"@context\":\"https:\\\/\\\/schema.org\",\"@graph\":[{\"@type\":\"WebPage\",\"@id\":\"https:\\\/\\\/www.ffmc72.fr\\\/site\\\/histoire\\\/\",\"url\":\"https:\\\/\\\/www.ffmc72.fr\\\/site\\\/histoire\\\/\",\"name\":\"Histoire - FFMC 72 - F\u00e9d\u00e9ration Fran\u00e7aise des motards en col\u00e8res de la Sarthe - boycott contr\u00f4le technique moto, contre les ZFE, Adherer, nid de poule, infrastructure, action gazoil, consignes casques, 24h du mans, non au CT2RM, FFMC Sarthe, FFMC 72, F.F.M.C, ERJ, Le Mans, FFMC Le Mans, Veille sur les contr\u00f4les syst\u00e9matiques\",\"isPartOf\":{\"@id\":\"https:\\\/\\\/www.ffmc72.fr\\\/site\\\/#website\"},\"datePublished\":\"2020-05-07T11:50:04+00:00\",\"dateModified\":\"2020-05-07T11:50:11+00:00\",\"breadcrumb\":{\"@id\":\"https:\\\/\\\/www.ffmc72.fr\\\/site\\\/histoire\\\/#breadcrumb\"},\"inLanguage\":\"fr-FR\",\"potentialAction\":[{\"@type\":\"ReadAction\",\"target\":[\"https:\\\/\\\/www.ffmc72.fr\\\/site\\\/histoire\\\/\"]}]},{\"@type\":\"BreadcrumbList\",\"@id\":\"https:\\\/\\\/www.ffmc72.fr\\\/site\\\/histoire\\\/#breadcrumb\",\"itemListElement\":[{\"@type\":\"ListItem\",\"position\":1,\"name\":\"Accueil\",\"item\":\"https:\\\/\\\/www.ffmc72.fr\\\/site\\\/\"},{\"@type\":\"ListItem\",\"position\":2,\"name\":\"Histoire\"}]},{\"@type\":\"WebSite\",\"@id\":\"https:\\\/\\\/www.ffmc72.fr\\\/site\\\/#website\",\"url\":\"https:\\\/\\\/www.ffmc72.fr\\\/site\\\/\",\"name\":\"FFMC 72 - F\u00e9d\u00e9ration Fran\u00e7aise des motards en col\u00e8res de la Sarthe - boycott contr\u00f4le technique moto, contre les ZFE, Adherer, nid de poule, infrastructure, action gazoil, consignes casques, 24h du mans, non au CT2RM, FFMC Sarthe, FFMC 72, F.F.M.C, ERJ, Le Mans, FFMC Le Mans, Veille sur les contr\u00f4les syst\u00e9matiques\",\"description\":\"Plus nombreux, plus fort, rejoint la FFMC\",\"publisher\":{\"@id\":\"https:\\\/\\\/www.ffmc72.fr\\\/site\\\/#organization\"},\"alternateName\":\"FFMC 72\",\"potentialAction\":[{\"@type\":\"SearchAction\",\"target\":{\"@type\":\"EntryPoint\",\"urlTemplate\":\"https:\\\/\\\/www.ffmc72.fr\\\/site\\\/?s={search_term_string}\"},\"query-input\":{\"@type\":\"PropertyValueSpecification\",\"valueRequired\":true,\"valueName\":\"search_term_string\"}}],\"inLanguage\":\"fr-FR\"},{\"@type\":\"Organization\",\"@id\":\"https:\\\/\\\/www.ffmc72.fr\\\/site\\\/#organization\",\"name\":\"FFMC 72\",\"url\":\"https:\\\/\\\/www.ffmc72.fr\\\/site\\\/\",\"logo\":{\"@type\":\"ImageObject\",\"inLanguage\":\"fr-FR\",\"@id\":\"https:\\\/\\\/www.ffmc72.fr\\\/site\\\/#\\\/schema\\\/logo\\\/image\\\/\",\"url\":\"https:\\\/\\\/www.ffmc72.fr\\\/site\\\/wp-content\\\/uploads\\\/2020\\\/05\\\/sticker-partenaire.jpg\",\"contentUrl\":\"https:\\\/\\\/www.ffmc72.fr\\\/site\\\/wp-content\\\/uploads\\\/2020\\\/05\\\/sticker-partenaire.jpg\",\"width\":1024,\"height\":239,\"caption\":\"FFMC 72\"},\"image\":{\"@id\":\"https:\\\/\\\/www.ffmc72.fr\\\/site\\\/#\\\/schema\\\/logo\\\/image\\\/\"},\"sameAs\":[\"https:\\\/\\\/www.facebook.com\\\/ffmc72\"]}]}<\/script>\n<!-- \/ Yoast SEO plugin. -->","yoast_head_json":{"title":"Histoire - FFMC 72 - F\u00e9d\u00e9ration Fran\u00e7aise des motards en col\u00e8res de la Sarthe - boycott contr\u00f4le technique moto, contre les ZFE, Adherer, nid de poule, infrastructure, action gazoil, consignes casques, 24h du mans, non au CT2RM, FFMC Sarthe, FFMC 72, F.F.M.C, ERJ, Le Mans, FFMC Le Mans, Veille sur les contr\u00f4les syst\u00e9matiques","robots":{"index":"index","follow":"follow","max-snippet":"max-snippet:-1","max-image-preview":"max-image-preview:large","max-video-preview":"max-video-preview:-1"},"canonical":"https:\/\/www.ffmc72.fr\/site\/histoire\/","og_locale":"fr_FR","og_type":"article","og_title":"Histoire - FFMC 72 - F\u00e9d\u00e9ration Fran\u00e7aise des motards en col\u00e8res de la Sarthe - boycott contr\u00f4le technique moto, contre les ZFE, Adherer, nid de poule, infrastructure, action gazoil, consignes casques, 24h du mans, non au CT2RM, FFMC Sarthe, FFMC 72, F.F.M.C, ERJ, Le Mans, FFMC Le Mans, Veille sur les contr\u00f4les syst\u00e9matiques","og_description":"La F\u00e9d\u00e9ration Fran\u00e7aise des Motards en Col\u00e8re a \u00e9t\u00e9 fond\u00e9e en 1980 au Havre suite \u00e0 plusieurs \u00e9v\u00e8nements dont la tentative de mise en place par le gouvernement de l&rsquo;\u00e9poque d&rsquo;une vignette moto, des tarifs exorbitants des assurances pour 2 roues. Depuis les ann\u00e9es 1980 la f\u00e9d\u00e9ration s&rsquo;est \u00e9tendue en antennes d\u00e9partementales, permettant ainsi de lutter localement pour la d\u00e9fense des droits des motards. L\u2019objectif de la F\u00e9d\u00e9ration Fran\u00e7aise des Motards en Col\u00e8re est de f\u00e9d\u00e9rer les usagers des deux roues et trois roues motoris\u00e9s (du cyclo au gros cube), autour des valeurs qui ont motiv\u00e9 sa cr\u00e9ation et continuent... Continuer \u00e0 lire","og_url":"https:\/\/www.ffmc72.fr\/site\/histoire\/","og_site_name":"FFMC 72 - F\u00e9d\u00e9ration Fran\u00e7aise des motards en col\u00e8res de la Sarthe - boycott contr\u00f4le technique moto, contre les ZFE, Adherer, nid de poule, infrastructure, action gazoil, consignes casques, 24h du mans, non au CT2RM, FFMC Sarthe, FFMC 72, F.F.M.C, ERJ, Le Mans, FFMC Le Mans, Veille sur les contr\u00f4les syst\u00e9matiques","article_publisher":"https:\/\/www.facebook.com\/ffmc72","article_modified_time":"2020-05-07T11:50:11+00:00","twitter_card":"summary_large_image","twitter_misc":{"Dur\u00e9e de lecture estim\u00e9e":"1 minute"},"schema":{"@context":"https:\/\/schema.org","@graph":[{"@type":"WebPage","@id":"https:\/\/www.ffmc72.fr\/site\/histoire\/","url":"https:\/\/www.ffmc72.fr\/site\/histoire\/","name":"Histoire - FFMC 72 - F\u00e9d\u00e9ration Fran\u00e7aise des motards en col\u00e8res de la Sarthe - boycott contr\u00f4le technique moto, contre les ZFE, Adherer, nid de poule, infrastructure, action gazoil, consignes casques, 24h du mans, non au CT2RM, FFMC Sarthe, FFMC 72, F.F.M.C, ERJ, Le Mans, FFMC Le Mans, Veille sur les contr\u00f4les syst\u00e9matiques","isPartOf":{"@id":"https:\/\/www.ffmc72.fr\/site\/#website"},"datePublished":"2020-05-07T11:50:04+00:00","dateModified":"2020-05-07T11:50:11+00:00","breadcrumb":{"@id":"https:\/\/www.ffmc72.fr\/site\/histoire\/#breadcrumb"},"inLanguage":"fr-FR","potentialAction":[{"@type":"ReadAction","target":["https:\/\/www.ffmc72.fr\/site\/histoire\/"]}]},{"@type":"BreadcrumbList","@id":"https:\/\/www.ffmc72.fr\/site\/histoire\/#breadcrumb","itemListElement":[{"@type":"ListItem","position":1,"name":"Accueil","item":"https:\/\/www.ffmc72.fr\/site\/"},{"@type":"ListItem","position":2,"name":"Histoire"}]},{"@type":"WebSite","@id":"https:\/\/www.ffmc72.fr\/site\/#website","url":"https:\/\/www.ffmc72.fr\/site\/","name":"FFMC 72 - F\u00e9d\u00e9ration Fran\u00e7aise des motards en col\u00e8res de la Sarthe - boycott contr\u00f4le technique moto, contre les ZFE, Adherer, nid de poule, infrastructure, action gazoil, consignes casques, 24h du mans, non au CT2RM, FFMC Sarthe, FFMC 72, F.F.M.C, ERJ, Le Mans, FFMC Le Mans, Veille sur les contr\u00f4les syst\u00e9matiques","description":"Plus nombreux, plus fort, rejoint la FFMC","publisher":{"@id":"https:\/\/www.ffmc72.fr\/site\/#organization"},"alternateName":"FFMC 72","potentialAction":[{"@type":"SearchAction","target":{"@type":"EntryPoint","urlTemplate":"https:\/\/www.ffmc72.fr\/site\/?s={search_term_string}"},"query-input":{"@type":"PropertyValueSpecification","valueRequired":true,"valueName":"search_term_string"}}],"inLanguage":"fr-FR"},{"@type":"Organization","@id":"https:\/\/www.ffmc72.fr\/site\/#organization","name":"FFMC 72","url":"https:\/\/www.ffmc72.fr\/site\/","logo":{"@type":"ImageObject","inLanguage":"fr-FR","@id":"https:\/\/www.ffmc72.fr\/site\/#\/schema\/logo\/image\/","url":"https:\/\/www.ffmc72.fr\/site\/wp-content\/uploads\/2020\/05\/sticker-partenaire.jpg","contentUrl":"https:\/\/www.ffmc72.fr\/site\/wp-content\/uploads\/2020\/05\/sticker-partenaire.jpg","width":1024,"height":239,"caption":"FFMC 72"},"image":{"@id":"https:\/\/www.ffmc72.fr\/site\/#\/schema\/logo\/image\/"},"sameAs":["https:\/\/www.facebook.com\/ffmc72"]}]}},"_links":{"self":[{"href":"https:\/\/www.ffmc72.fr\/site\/wp-json\/wp\/v2\/pages\/1609","targetHints":{"allow":["GET"]}}],"collection":[{"href":"https:\/\/www.ffmc72.fr\/site\/wp-json\/wp\/v2\/pages"}],"about":[{"href":"https:\/\/www.ffmc72.fr\/site\/wp-json\/wp\/v2\/types\/page"}],"author":[{"embeddable":true,"href":"https:\/\/www.ffmc72.fr\/site\/wp-json\/wp\/v2\/users\/6"}],"replies":[{"embeddable":true,"href":"https:\/\/www.ffmc72.fr\/site\/wp-json\/wp\/v2\/comments?post=1609"}],"version-history":[{"count":2,"href":"https:\/\/www.ffmc72.fr\/site\/wp-json\/wp\/v2\/pages\/1609\/revisions"}],"predecessor-version":[{"id":1613,"href":"https:\/\/www.ffmc72.fr\/site\/wp-json\/wp\/v2\/pages\/1609\/revisions\/1613"}],"wp:attachment":[{"href":"https:\/\/www.ffmc72.fr\/site\/wp-json\/wp\/v2\/media?parent=1609"}],"curies":[{"name":"wp","href":"https:\/\/api.w.org\/{rel}","templated":true}]}}